{"id":3906,"date":"2021-04-15T16:36:14","date_gmt":"2021-04-15T14:36:14","guid":{"rendered":"https:\/\/skipass.alpedhuez.com\/ete\/?page_id=3906"},"modified":"2024-04-17T12:12:57","modified_gmt":"2024-04-17T10:12:57","slug":"partenaires","status":"publish","type":"page","link":"https:\/\/skipass.alpedhuez.com\/ete\/partenaires\/","title":{"rendered":"Nos Partenaires"},"content":{"rendered":"\t\t<div data-elementor-type=\"wp-page\" data-elementor-id=\"3906\" class=\"elementor elementor-3906\" data-elementor-post-type=\"page\">\n\t\t\t\t\t\t<section data-particle_enable=\"false\" data-particle-mobile-disabled=\"false\" class=\"elementor-section elementor-top-section elementor-element elementor-element-a7af11f elementor-section-boxed elementor-section-height-default elementor-section-height-default\" data-id=\"a7af11f\" data-element_type=\"section\">\n\t\t\t\t\t\t<div class=\"elementor-container elementor-column-gap-default\">\n\t\t\t\t\t<div class=\"elementor-column elementor-col-50 elementor-top-column elementor-element elementor-element-a581c53\" data-id=\"a581c53\" data-element_type=\"column\">\n\t\t\t<div class=\"elementor-widget-wrap elementor-element-populated\">\n\t\t\t\t\t\t<div class=\"elementor-element elementor-element-bac145e elementor-widget elementor-widget-spacer\" data-id=\"bac145e\" data-element_type=\"widget\" data-widget_type=\"spacer.default\">\n\t\t\t\t<div class=\"elementor-widget-container\">\n\t\t\t\t\t\t\t<div class=\"elementor-spacer\">\n\t\t\t<div class=\"elementor-spacer-inner\"><\/div>\n\t\t<\/div>\n\t\t\t\t\t\t<\/div>\n\t\t\t\t<\/div>\n\t\t\t\t<div class=\"elementor-element elementor-element-fd26bed elementor-widget elementor-widget-image\" data-id=\"fd26bed\" data-element_type=\"widget\" data-widget_type=\"image.default\">\n\t\t\t\t<div class=\"elementor-widget-container\">\n\t\t\t\t\t\t\t\t\t\t\t\t\t\t\t\t<a href=\"https:\/\/www.sunn.fr\/fr\/\">\n\t\t\t\t\t\t\t<img loading=\"lazy\" decoding=\"async\" width=\"530\" height=\"38\" src=\"https:\/\/skipass.alpedhuez.com\/ete\/wp-content\/uploads\/sites\/11\/2021\/04\/logo_Sunn_noir_web_horizon_HOME_530.png\" class=\"attachment-large size-large wp-image-3910\" alt=\"\" srcset=\"https:\/\/skipass.alpedhuez.com\/ete\/wp-content\/uploads\/sites\/11\/2021\/04\/logo_Sunn_noir_web_horizon_HOME_530.png 530w, https:\/\/skipass.alpedhuez.com\/ete\/wp-content\/uploads\/sites\/11\/2021\/04\/logo_Sunn_noir_web_horizon_HOME_530-300x22.png 300w\" sizes=\"auto, (max-width: 530px) 100vw, 530px\" \/>\t\t\t\t\t\t\t\t<\/a>\n\t\t\t\t\t\t\t\t\t\t\t\t\t\t\t<\/div>\n\t\t\t\t<\/div>\n\t\t\t\t<div class=\"elementor-element elementor-element-95477bd elementor-widget elementor-widget-image\" data-id=\"95477bd\" data-element_type=\"widget\" data-widget_type=\"image.default\">\n\t\t\t\t<div class=\"elementor-widget-container\">\n\t\t\t\t\t\t\t\t\t\t\t\t\t\t\t\t<a href=\"https:\/\/www.sunn.fr\/fr\/\">\n\t\t\t\t\t\t\t<img loading=\"lazy\" decoding=\"async\" width=\"259\" height=\"300\" src=\"https:\/\/skipass.alpedhuez.com\/ete\/wp-content\/uploads\/sites\/11\/2021\/04\/Untitled-1-259x300.png\" class=\"attachment-medium size-medium wp-image-3997\" alt=\"\" srcset=\"https:\/\/skipass.alpedhuez.com\/ete\/wp-content\/uploads\/sites\/11\/2021\/04\/Untitled-1-259x300.png 259w, https:\/\/skipass.alpedhuez.com\/ete\/wp-content\/uploads\/sites\/11\/2021\/04\/Untitled-1.png 431w\" sizes=\"auto, (max-width: 259px) 100vw, 259px\" \/>\t\t\t\t\t\t\t\t<\/a>\n\t\t\t\t\t\t\t\t\t\t\t\t\t\t\t<\/div>\n\t\t\t\t<\/div>\n\t\t\t\t<div class=\"elementor-element elementor-element-9f92359 elementor-widget elementor-widget-spacer\" data-id=\"9f92359\" data-element_type=\"widget\" data-widget_type=\"spacer.default\">\n\t\t\t\t<div class=\"elementor-widget-container\">\n\t\t\t\t\t\t\t<div class=\"elementor-spacer\">\n\t\t\t<div class=\"elementor-spacer-inner\"><\/div>\n\t\t<\/div>\n\t\t\t\t\t\t<\/div>\n\t\t\t\t<\/div>\n\t\t\t\t\t<\/div>\n\t\t<\/div>\n\t\t\t\t<div class=\"elementor-column elementor-col-50 elementor-top-column elementor-element elementor-element-f2014bd\" data-id=\"f2014bd\" data-element_type=\"column\">\n\t\t\t<div class=\"elementor-widget-wrap elementor-element-populated\">\n\t\t\t\t\t\t<div class=\"elementor-element elementor-element-470ee2d elementor-widget elementor-widget-text-editor\" data-id=\"470ee2d\" data-element_type=\"widget\" data-widget_type=\"text-editor.default\">\n\t\t\t\t<div class=\"elementor-widget-container\">\n\t\t\t\t\t\t\t\t\t<h2><span style=\"color: #000080;\"><strong>Sunn<\/strong><\/span><\/h2>\t\t\t\t\t\t\t\t<\/div>\n\t\t\t\t<\/div>\n\t\t\t\t<div class=\"elementor-element elementor-element-caae3ed elementor-widget elementor-widget-text-editor\" data-id=\"caae3ed\" data-element_type=\"widget\" data-widget_type=\"text-editor.default\">\n\t\t\t\t<div class=\"elementor-widget-container\">\n\t\t\t\t\t\t\t\t\t<p>Partenaire r\u00e9cent de l&rsquo;Alpe d&rsquo;Huez, <strong>Sunn est une marque fran\u00e7aise\u00a0<\/strong>qui, depuis 1982,<br \/>fabrique des v\u00e9los modernes, performants et audacieux. L&rsquo;ensemble des v\u00e9los est produit en France, dans le d\u00e9partement de la Loire Atlantique \u00e0 proximit\u00e9 de Nantes.<\/p>\t\t\t\t\t\t\t\t<\/div>\n\t\t\t\t<\/div>\n\t\t\t\t<div class=\"elementor-element elementor-element-8159ce0 elementor-widget elementor-widget-text-editor\" data-id=\"8159ce0\" data-element_type=\"widget\" data-widget_type=\"text-editor.default\">\n\t\t\t\t<div class=\"elementor-widget-container\">\n\t\t\t\t\t\t\t\t\t<p>De plus, L&rsquo;Alpe d&rsquo;Huez est le sponsor officiel de la Sunn French Connexion, qui est l&rsquo;\u00e9quipe enduro de Sunn compos\u00e9e des fameux riders Th\u00e9o Galy, Louis Jeandel et Guillaume Larbeyou ! <\/p>\t\t\t\t\t\t\t\t<\/div>\n\t\t\t\t<\/div>\n\t\t\t\t\t<\/div>\n\t\t<\/div>\n\t\t\t\t\t<\/div>\n\t\t<\/section>\n\t\t\t\t<section data-particle_enable=\"false\" data-particle-mobile-disabled=\"false\" class=\"elementor-section elementor-top-section elementor-element elementor-element-df528ea elementor-section-boxed elementor-section-height-default elementor-section-height-default\" data-id=\"df528ea\" data-element_type=\"section\">\n\t\t\t\t\t\t<div class=\"elementor-container elementor-column-gap-default\">\n\t\t\t\t\t<div class=\"elementor-column elementor-col-50 elementor-top-column elementor-element elementor-element-0d02ac7\" data-id=\"0d02ac7\" data-element_type=\"column\">\n\t\t\t<div class=\"elementor-widget-wrap elementor-element-populated\">\n\t\t\t\t\t\t<div class=\"elementor-element elementor-element-e42a633 elementor-widget elementor-widget-spacer\" data-id=\"e42a633\" data-element_type=\"widget\" data-widget_type=\"spacer.default\">\n\t\t\t\t<div class=\"elementor-widget-container\">\n\t\t\t\t\t\t\t<div class=\"elementor-spacer\">\n\t\t\t<div class=\"elementor-spacer-inner\"><\/div>\n\t\t<\/div>\n\t\t\t\t\t\t<\/div>\n\t\t\t\t<\/div>\n\t\t\t\t<div class=\"elementor-element elementor-element-e230e49 elementor-widget elementor-widget-image\" data-id=\"e230e49\" data-element_type=\"widget\" data-widget_type=\"image.default\">\n\t\t\t\t<div class=\"elementor-widget-container\">\n\t\t\t\t\t\t\t\t\t\t\t\t\t\t\t\t<a href=\"https:\/\/www.kenny-racing.com\/\">\n\t\t\t\t\t\t\t<img loading=\"lazy\" decoding=\"async\" width=\"238\" height=\"58\" src=\"https:\/\/skipass.alpedhuez.com\/ete\/wp-content\/uploads\/sites\/11\/2021\/04\/kenny-logo.png\" class=\"attachment-medium size-medium wp-image-3911\" alt=\"\" \/>\t\t\t\t\t\t\t\t<\/a>\n\t\t\t\t\t\t\t\t\t\t\t\t\t\t\t<\/div>\n\t\t\t\t<\/div>\n\t\t\t\t\t<\/div>\n\t\t<\/div>\n\t\t\t\t<div class=\"elementor-column elementor-col-50 elementor-top-column elementor-element elementor-element-1d82190\" data-id=\"1d82190\" data-element_type=\"column\">\n\t\t\t<div class=\"elementor-widget-wrap elementor-element-populated\">\n\t\t\t\t\t\t<div class=\"elementor-element elementor-element-b343d54 elementor-widget elementor-widget-spacer\" data-id=\"b343d54\" data-element_type=\"widget\" data-widget_type=\"spacer.default\">\n\t\t\t\t<div class=\"elementor-widget-container\">\n\t\t\t\t\t\t\t<div class=\"elementor-spacer\">\n\t\t\t<div class=\"elementor-spacer-inner\"><\/div>\n\t\t<\/div>\n\t\t\t\t\t\t<\/div>\n\t\t\t\t<\/div>\n\t\t\t\t<div class=\"elementor-element elementor-element-eb64d82 elementor-widget elementor-widget-text-editor\" data-id=\"eb64d82\" data-element_type=\"widget\" data-widget_type=\"text-editor.default\">\n\t\t\t\t<div class=\"elementor-widget-container\">\n\t\t\t\t\t\t\t\t\t<h2><span style=\"color: #000080;\"><strong>Kenny Racing<br \/><\/strong><\/span><\/h2>\t\t\t\t\t\t\t\t<\/div>\n\t\t\t\t<\/div>\n\t\t\t\t<div class=\"elementor-element elementor-element-458da3e elementor-widget elementor-widget-text-editor\" data-id=\"458da3e\" data-element_type=\"widget\" data-widget_type=\"text-editor.default\">\n\t\t\t\t<div class=\"elementor-widget-container\">\n\t\t\t\t\t\t\t\t\t<p>Depuis 1981, Kenny, localis\u00e9 dans le nord de la France \u00e0 Amiens, a \u00e0 c\u0153ur de proposer un <strong>savoir fran\u00e7ais et le \u00ab\u00a0made in France\u00a0\u00bb<\/strong>. Les \u00e9quipements Kenny sont port\u00e9s sur les terrains les plus exigeants, par les pilotes les plus performants.<\/p>\t\t\t\t\t\t\t\t<\/div>\n\t\t\t\t<\/div>\n\t\t\t\t<div class=\"elementor-element elementor-element-26f7a2b elementor-widget elementor-widget-spacer\" data-id=\"26f7a2b\" data-element_type=\"widget\" data-widget_type=\"spacer.default\">\n\t\t\t\t<div class=\"elementor-widget-container\">\n\t\t\t\t\t\t\t<div class=\"elementor-spacer\">\n\t\t\t<div class=\"elementor-spacer-inner\"><\/div>\n\t\t<\/div>\n\t\t\t\t\t\t<\/div>\n\t\t\t\t<\/div>\n\t\t\t\t\t<\/div>\n\t\t<\/div>\n\t\t\t\t\t<\/div>\n\t\t<\/section>\n\t\t\t\t<section data-particle_enable=\"false\" data-particle-mobile-disabled=\"false\" class=\"elementor-section elementor-top-section elementor-element elementor-element-22913d0 elementor-section-boxed elementor-section-height-default elementor-section-height-default\" data-id=\"22913d0\" data-element_type=\"section\">\n\t\t\t\t\t\t<div class=\"elementor-container elementor-column-gap-default\">\n\t\t\t\t\t<div class=\"elementor-column elementor-col-50 elementor-top-column elementor-element elementor-element-9b7f390\" data-id=\"9b7f390\" data-element_type=\"column\">\n\t\t\t<div class=\"elementor-widget-wrap elementor-element-populated\">\n\t\t\t\t\t\t<div class=\"elementor-element elementor-element-85e55c2 elementor-widget elementor-widget-image\" data-id=\"85e55c2\" data-element_type=\"widget\" data-widget_type=\"image.default\">\n\t\t\t\t<div class=\"elementor-widget-container\">\n\t\t\t\t\t\t\t\t\t\t\t\t\t\t\t\t<a href=\"https:\/\/www.apach-huez.fr\/\">\n\t\t\t\t\t\t\t<img decoding=\"async\" src=\"https:\/\/skipass.alpedhuez.com\/wp-content\/uploads\/2021\/04\/Logo-Apach.png\" title=\"\" alt=\"\" loading=\"lazy\" \/>\t\t\t\t\t\t\t\t<\/a>\n\t\t\t\t\t\t\t\t\t\t\t\t\t\t\t<\/div>\n\t\t\t\t<\/div>\n\t\t\t\t\t<\/div>\n\t\t<\/div>\n\t\t\t\t<div class=\"elementor-column elementor-col-50 elementor-top-column elementor-element elementor-element-c6eafb3\" data-id=\"c6eafb3\" data-element_type=\"column\">\n\t\t\t<div class=\"elementor-widget-wrap elementor-element-populated\">\n\t\t\t\t\t\t<div class=\"elementor-element elementor-element-51b6541 elementor-widget elementor-widget-spacer\" data-id=\"51b6541\" data-element_type=\"widget\" data-widget_type=\"spacer.default\">\n\t\t\t\t<div class=\"elementor-widget-container\">\n\t\t\t\t\t\t\t<div class=\"elementor-spacer\">\n\t\t\t<div class=\"elementor-spacer-inner\"><\/div>\n\t\t<\/div>\n\t\t\t\t\t\t<\/div>\n\t\t\t\t<\/div>\n\t\t\t\t<div class=\"elementor-element elementor-element-fd94af6 elementor-widget elementor-widget-text-editor\" data-id=\"fd94af6\" data-element_type=\"widget\" data-widget_type=\"text-editor.default\">\n\t\t\t\t<div class=\"elementor-widget-container\">\n\t\t\t\t\t\t\t\t\t<h2><span style=\"color: #000080;\"><strong>APACH, Association propri\u00e9taire <br><\/strong><\/span><\/h2>\t\t\t\t\t\t\t\t<\/div>\n\t\t\t\t<\/div>\n\t\t\t\t<div class=\"elementor-element elementor-element-daa331d elementor-widget elementor-widget-text-editor\" data-id=\"daa331d\" data-element_type=\"widget\" data-widget_type=\"text-editor.default\">\n\t\t\t\t<div class=\"elementor-widget-container\">\n\t\t\t\t\t\t\t\t\t<p>L\u2019APACH a \u00e9t\u00e9 cr\u00e9\u00e9 il y a plus de 50 ans, afin de prendre en compte les int\u00e9r\u00eats des propri\u00e9taires d\u2019appartements et de chalets au sein de la station. Notre mission est de faire le lien entre les diff\u00e9rents acteurs (mairie, SATA, office de tourisme, ESF, commer\u00e7ants\u2026) et les propri\u00e9taires.<\/p><p>\u00a0<\/p><p>Nous organisons avec la mairie des r\u00e9unions de quartier pour am\u00e9liorer la qualit\u00e9 de vie. Nous participons aux commissions d\u2019urbanisme pour porter la voix des propri\u00e9taires sur les projets d\u2019am\u00e9nagements en agissant toujours pour un d\u00e9veloppement harmonieux de la station.<\/p>\t\t\t\t\t\t\t\t<\/div>\n\t\t\t\t<\/div>\n\t\t\t\t<section data-particle_enable=\"false\" data-particle-mobile-disabled=\"false\" class=\"elementor-section elementor-inner-section elementor-element elementor-element-43ed84f elementor-section-boxed elementor-section-height-default elementor-section-height-default\" data-id=\"43ed84f\" data-element_type=\"section\">\n\t\t\t\t\t\t<div class=\"elementor-container elementor-column-gap-default\">\n\t\t\t\t\t<div class=\"elementor-column elementor-col-100 elementor-inner-column elementor-element elementor-element-aa6159f\" data-id=\"aa6159f\" data-element_type=\"column\">\n\t\t\t<div class=\"elementor-widget-wrap elementor-element-populated\">\n\t\t\t\t\t\t<div class=\"elementor-element elementor-element-1ff7d4e elementor-widget elementor-widget-toggle\" data-id=\"1ff7d4e\" data-element_type=\"widget\" data-widget_type=\"toggle.default\">\n\t\t\t\t<div class=\"elementor-widget-container\">\n\t\t\t\t\t\t\t<div class=\"elementor-toggle\">\n\t\t\t\t\t\t\t<div class=\"elementor-toggle-item\">\n\t\t\t\t\t<div id=\"elementor-tab-title-3351\" class=\"elementor-tab-title\" data-tab=\"1\" role=\"button\" aria-controls=\"elementor-tab-content-3351\" aria-expanded=\"false\">\n\t\t\t\t\t\t\t\t\t\t\t\t<span class=\"elementor-toggle-icon elementor-toggle-icon-left\" aria-hidden=\"true\">\n\t\t\t\t\t\t\t\t\t\t\t\t\t\t\t<span class=\"elementor-toggle-icon-closed\"><i class=\"far fa-plus-square\"><\/i><\/span>\n\t\t\t\t\t\t\t\t<span class=\"elementor-toggle-icon-opened\"><i class=\"elementor-toggle-icon-opened fas fa-plus-square\"><\/i><\/span>\n\t\t\t\t\t\t\t\t\t\t\t\t\t<\/span>\n\t\t\t\t\t\t\t\t\t\t\t\t<a class=\"elementor-toggle-title\" tabindex=\"0\">En savoir plus<\/a>\n\t\t\t\t\t<\/div>\n\n\t\t\t\t\t<div id=\"elementor-tab-content-3351\" class=\"elementor-tab-content elementor-clearfix\" data-tab=\"1\" role=\"region\" aria-labelledby=\"elementor-tab-title-3351\"><p>Nous avons \u00e9tabli un partenariat avec la SATA avec des rencontres et des \u00e9changes r\u00e9guliers.<\/p><p>\u00a0<\/p><p>Nous avons des accords tarifaires particuliers avec l\u2019ESF.<\/p><p>\u00a0<\/p><p>L\u2019APACH propose aussi des avantages commerciaux dans de nombreux domaines : activit\u00e9s, location de mat\u00e9riel de ski, Achat de v\u00e9hicules AUDI, artisans (r\u00e9novation des appartements), restauration, SPA, Opticiens, etc. \u2026<\/p><p>\u00a0<\/p><p>Au titre de l\u2019animation dans la station, l\u2019APACH organise chaque \u00e9t\u00e9, en plus de son assembl\u00e9e g\u00e9n\u00e9rale de d\u00e9cembre, une journ\u00e9e rencontre des adh\u00e9rents pour cr\u00e9er du lien et des \u00e9changes entre propri\u00e9taires sur un parcours de golf et concours de p\u00e9tanque.<\/p><p>\u00a0<\/p><p>L\u2019APACH adh\u00e8re \u00e0 la FARSM pour \u00e9changer avec d\u2019autres associations de propri\u00e9taires en station. Rejoignez-nous, vous \u00eates les bienvenus sur \u00ab<a href=\"https:\/\/www.apach-huez.fr\/\">https:\/\/www.apach-huez.fr\/<\/a>\u00bb<\/p><\/div>\n\t\t\t\t<\/div>\n\t\t\t\t\t\t\t\t<\/div>\n\t\t\t\t\t\t<\/div>\n\t\t\t\t<\/div>\n\t\t\t\t\t<\/div>\n\t\t<\/div>\n\t\t\t\t\t<\/div>\n\t\t<\/section>\n\t\t\t\t\t<\/div>\n\t\t<\/div>\n\t\t\t\t\t<\/div>\n\t\t<\/section>\n\t\t\t\t<\/div>\n\t\t","protected":false},"excerpt":{"rendered":"<p>Sunn Partenaire r\u00e9cent de l&rsquo;Alpe d&rsquo;Huez, Sunn est une marque fran\u00e7aise\u00a0qui, depuis 1982,fabrique des v\u00e9los modernes, performants et audacieux. L&rsquo;ensemble des v\u00e9los est produit en France, dans le d\u00e9partement de la Loire Atlantique \u00e0 proximit\u00e9 de Nantes. De plus, L&rsquo;Alpe d&rsquo;Huez est le sponsor officiel de la Sunn French Connexion, qui est l&rsquo;\u00e9quipe enduro de [&hellip;]<\/p>\n","protected":false},"author":17,"featured_media":0,"parent":0,"menu_order":0,"comment_status":"closed","ping_status":"closed","template":"","meta":{"footnotes":"","_links_to":"","_links_to_target":""},"class_list":["post-3906","page","type-page","status-publish","hentry"],"yoast_head":"<!-- This site is optimized with the Yoast SEO plugin v25.2 - https:\/\/yoast.com\/wordpress\/plugins\/seo\/ -->\n<title>Nos Partenaires - Alpe d&#039;Huez - Site Officiel - \u00c9t\u00e9<\/title>\n<meta name=\"robots\" content=\"index, follow, max-snippet:-1, max-image-preview:large, max-video-preview:-1\" \/>\n<link rel=\"canonical\" href=\"https:\/\/skipass.alpedhuez.com\/ete\/partenaires\/\" \/>\n<meta property=\"og:locale\" content=\"fr_FR\" \/>\n<meta property=\"og:type\" content=\"article\" \/>\n<meta property=\"og:title\" content=\"Nos Partenaires - Alpe d&#039;Huez - Site Officiel - \u00c9t\u00e9\" \/>\n<meta property=\"og:description\" content=\"Sunn Partenaire r\u00e9cent de l&rsquo;Alpe d&rsquo;Huez, Sunn est une marque fran\u00e7aise\u00a0qui, depuis 1982,fabrique des v\u00e9los modernes, performants et audacieux. L&rsquo;ensemble des v\u00e9los est produit en France, dans le d\u00e9partement de la Loire Atlantique \u00e0 proximit\u00e9 de Nantes. De plus, L&rsquo;Alpe d&rsquo;Huez est le sponsor officiel de la Sunn French Connexion, qui est l&rsquo;\u00e9quipe enduro de [&hellip;]\" \/>\n<meta property=\"og:url\" content=\"https:\/\/skipass.alpedhuez.com\/ete\/partenaires\/\" \/>\n<meta property=\"og:site_name\" content=\"Alpe d&#039;Huez - Site Officiel - \u00c9t\u00e9\" \/>\n<meta property=\"article:publisher\" content=\"https:\/\/www.facebook.com\/alpe.huez\/\" \/>\n<meta property=\"article:modified_time\" content=\"2024-04-17T10:12:57+00:00\" \/>\n<meta property=\"og:image\" content=\"https:\/\/assets.jbsurf.com\/wordpress\/2021\/04\/logo_Sunn_noir_web_horizon_HOME_530.png\" \/>\n<meta name=\"twitter:card\" content=\"summary_large_image\" \/>\n<meta name=\"twitter:site\" content=\"@alpedhuez\" \/>\n<meta name=\"twitter:label1\" content=\"Dur\u00e9e de lecture estim\u00e9e\" \/>\n\t<meta name=\"twitter:data1\" content=\"2 minutes\" \/>\n<script type=\"application\/ld+json\" class=\"yoast-schema-graph\">{\"@context\":\"https:\/\/schema.org\",\"@graph\":[{\"@type\":\"WebPage\",\"@id\":\"https:\/\/skipass.alpedhuez.com\/ete\/partenaires\/\",\"url\":\"https:\/\/skipass.alpedhuez.com\/ete\/partenaires\/\",\"name\":\"Nos Partenaires - Alpe d&#039;Huez - Site Officiel - \u00c9t\u00e9\",\"isPartOf\":{\"@id\":\"https:\/\/skipass.alpedhuez.com\/ete\/#website\"},\"primaryImageOfPage\":{\"@id\":\"https:\/\/skipass.alpedhuez.com\/ete\/partenaires\/#primaryimage\"},\"image\":{\"@id\":\"https:\/\/skipass.alpedhuez.com\/ete\/partenaires\/#primaryimage\"},\"thumbnailUrl\":\"https:\/\/assets.jbsurf.com\/wordpress\/2021\/04\/logo_Sunn_noir_web_horizon_HOME_530.png\",\"datePublished\":\"2021-04-15T14:36:14+00:00\",\"dateModified\":\"2024-04-17T10:12:57+00:00\",\"breadcrumb\":{\"@id\":\"https:\/\/skipass.alpedhuez.com\/ete\/partenaires\/#breadcrumb\"},\"inLanguage\":\"fr-FR\",\"potentialAction\":[{\"@type\":\"ReadAction\",\"target\":[\"https:\/\/skipass.alpedhuez.com\/ete\/partenaires\/\"]}]},{\"@type\":\"ImageObject\",\"inLanguage\":\"fr-FR\",\"@id\":\"https:\/\/skipass.alpedhuez.com\/ete\/partenaires\/#primaryimage\",\"url\":\"https:\/\/assets.jbsurf.com\/wordpress\/2021\/04\/logo_Sunn_noir_web_horizon_HOME_530.png\",\"contentUrl\":\"https:\/\/assets.jbsurf.com\/wordpress\/2021\/04\/logo_Sunn_noir_web_horizon_HOME_530.png\"},{\"@type\":\"BreadcrumbList\",\"@id\":\"https:\/\/skipass.alpedhuez.com\/ete\/partenaires\/#breadcrumb\",\"itemListElement\":[{\"@type\":\"ListItem\",\"position\":1,\"name\":\"Alpe d'Huez Grand Domaine\",\"item\":\"https:\/\/skipass.alpedhuez.com\/ete\/\"},{\"@type\":\"ListItem\",\"position\":2,\"name\":\"Nos Partenaires\"}]},{\"@type\":\"WebSite\",\"@id\":\"https:\/\/skipass.alpedhuez.com\/ete\/#website\",\"url\":\"https:\/\/skipass.alpedhuez.com\/ete\/\",\"name\":\"Alpe d'Huez - Site Officiel - \u00c9t\u00e9\",\"description\":\"Alpe d&#039;Huez - Site Officiel\",\"publisher\":{\"@id\":\"https:\/\/skipass.alpedhuez.com\/ete\/#organization\"},\"potentialAction\":[{\"@type\":\"SearchAction\",\"target\":{\"@type\":\"EntryPoint\",\"urlTemplate\":\"https:\/\/skipass.alpedhuez.com\/ete\/?s={search_term_string}\"},\"query-input\":{\"@type\":\"PropertyValueSpecification\",\"valueRequired\":true,\"valueName\":\"search_term_string\"}}],\"inLanguage\":\"fr-FR\"},{\"@type\":\"Organization\",\"@id\":\"https:\/\/skipass.alpedhuez.com\/ete\/#organization\",\"name\":\"Alpe d'Huez - Site Officiel - \u00c9t\u00e9\",\"url\":\"https:\/\/skipass.alpedhuez.com\/ete\/\",\"logo\":{\"@type\":\"ImageObject\",\"inLanguage\":\"fr-FR\",\"@id\":\"https:\/\/skipass.alpedhuez.com\/ete\/#\/schema\/logo\/image\/\",\"url\":\"https:\/\/skipass.alpedhuez.com\/ete\/wp-content\/uploads\/sites\/11\/2021\/05\/logo-alpe-huez.png\",\"contentUrl\":\"https:\/\/skipass.alpedhuez.com\/ete\/wp-content\/uploads\/sites\/11\/2021\/05\/logo-alpe-huez.png\",\"width\":365,\"height\":124,\"caption\":\"Alpe d'Huez - Site Officiel - \u00c9t\u00e9\"},\"image\":{\"@id\":\"https:\/\/skipass.alpedhuez.com\/ete\/#\/schema\/logo\/image\/\"},\"sameAs\":[\"https:\/\/www.facebook.com\/alpe.huez\/\",\"https:\/\/x.com\/alpedhuez\",\"https:\/\/www.instagram.com\/alpedhuez\/\",\"https:\/\/www.youtube.com\/@ALPEDHUEZOfficiel\/\"]}]}<\/script>\n<!-- \/ Yoast SEO plugin. -->","yoast_head_json":{"title":"Nos Partenaires - Alpe d&#039;Huez - Site Officiel - \u00c9t\u00e9","robots":{"index":"index","follow":"follow","max-snippet":"max-snippet:-1","max-image-preview":"max-image-preview:large","max-video-preview":"max-video-preview:-1"},"canonical":"https:\/\/skipass.alpedhuez.com\/ete\/partenaires\/","og_locale":"fr_FR","og_type":"article","og_title":"Nos Partenaires - Alpe d&#039;Huez - Site Officiel - \u00c9t\u00e9","og_description":"Sunn Partenaire r\u00e9cent de l&rsquo;Alpe d&rsquo;Huez, Sunn est une marque fran\u00e7aise\u00a0qui, depuis 1982,fabrique des v\u00e9los modernes, performants et audacieux. L&rsquo;ensemble des v\u00e9los est produit en France, dans le d\u00e9partement de la Loire Atlantique \u00e0 proximit\u00e9 de Nantes. De plus, L&rsquo;Alpe d&rsquo;Huez est le sponsor officiel de la Sunn French Connexion, qui est l&rsquo;\u00e9quipe enduro de [&hellip;]","og_url":"https:\/\/skipass.alpedhuez.com\/ete\/partenaires\/","og_site_name":"Alpe d&#039;Huez - Site Officiel - \u00c9t\u00e9","article_publisher":"https:\/\/www.facebook.com\/alpe.huez\/","article_modified_time":"2024-04-17T10:12:57+00:00","og_image":[{"url":"https:\/\/assets.jbsurf.com\/wordpress\/2021\/04\/logo_Sunn_noir_web_horizon_HOME_530.png","type":"","width":"","height":""}],"twitter_card":"summary_large_image","twitter_site":"@alpedhuez","twitter_misc":{"Dur\u00e9e de lecture estim\u00e9e":"2 minutes"},"schema":{"@context":"https:\/\/schema.org","@graph":[{"@type":"WebPage","@id":"https:\/\/skipass.alpedhuez.com\/ete\/partenaires\/","url":"https:\/\/skipass.alpedhuez.com\/ete\/partenaires\/","name":"Nos Partenaires - Alpe d&#039;Huez - Site Officiel - \u00c9t\u00e9","isPartOf":{"@id":"https:\/\/skipass.alpedhuez.com\/ete\/#website"},"primaryImageOfPage":{"@id":"https:\/\/skipass.alpedhuez.com\/ete\/partenaires\/#primaryimage"},"image":{"@id":"https:\/\/skipass.alpedhuez.com\/ete\/partenaires\/#primaryimage"},"thumbnailUrl":"https:\/\/assets.jbsurf.com\/wordpress\/2021\/04\/logo_Sunn_noir_web_horizon_HOME_530.png","datePublished":"2021-04-15T14:36:14+00:00","dateModified":"2024-04-17T10:12:57+00:00","breadcrumb":{"@id":"https:\/\/skipass.alpedhuez.com\/ete\/partenaires\/#breadcrumb"},"inLanguage":"fr-FR","potentialAction":[{"@type":"ReadAction","target":["https:\/\/skipass.alpedhuez.com\/ete\/partenaires\/"]}]},{"@type":"ImageObject","inLanguage":"fr-FR","@id":"https:\/\/skipass.alpedhuez.com\/ete\/partenaires\/#primaryimage","url":"https:\/\/assets.jbsurf.com\/wordpress\/2021\/04\/logo_Sunn_noir_web_horizon_HOME_530.png","contentUrl":"https:\/\/assets.jbsurf.com\/wordpress\/2021\/04\/logo_Sunn_noir_web_horizon_HOME_530.png"},{"@type":"BreadcrumbList","@id":"https:\/\/skipass.alpedhuez.com\/ete\/partenaires\/#breadcrumb","itemListElement":[{"@type":"ListItem","position":1,"name":"Alpe d'Huez Grand Domaine","item":"https:\/\/skipass.alpedhuez.com\/ete\/"},{"@type":"ListItem","position":2,"name":"Nos Partenaires"}]},{"@type":"WebSite","@id":"https:\/\/skipass.alpedhuez.com\/ete\/#website","url":"https:\/\/skipass.alpedhuez.com\/ete\/","name":"Alpe d'Huez - Site Officiel - \u00c9t\u00e9","description":"Alpe d&#039;Huez - Site Officiel","publisher":{"@id":"https:\/\/skipass.alpedhuez.com\/ete\/#organization"},"potentialAction":[{"@type":"SearchAction","target":{"@type":"EntryPoint","urlTemplate":"https:\/\/skipass.alpedhuez.com\/ete\/?s={search_term_string}"},"query-input":{"@type":"PropertyValueSpecification","valueRequired":true,"valueName":"search_term_string"}}],"inLanguage":"fr-FR"},{"@type":"Organization","@id":"https:\/\/skipass.alpedhuez.com\/ete\/#organization","name":"Alpe d'Huez - Site Officiel - \u00c9t\u00e9","url":"https:\/\/skipass.alpedhuez.com\/ete\/","logo":{"@type":"ImageObject","inLanguage":"fr-FR","@id":"https:\/\/skipass.alpedhuez.com\/ete\/#\/schema\/logo\/image\/","url":"https:\/\/skipass.alpedhuez.com\/ete\/wp-content\/uploads\/sites\/11\/2021\/05\/logo-alpe-huez.png","contentUrl":"https:\/\/skipass.alpedhuez.com\/ete\/wp-content\/uploads\/sites\/11\/2021\/05\/logo-alpe-huez.png","width":365,"height":124,"caption":"Alpe d'Huez - Site Officiel - \u00c9t\u00e9"},"image":{"@id":"https:\/\/skipass.alpedhuez.com\/ete\/#\/schema\/logo\/image\/"},"sameAs":["https:\/\/www.facebook.com\/alpe.huez\/","https:\/\/x.com\/alpedhuez","https:\/\/www.instagram.com\/alpedhuez\/","https:\/\/www.youtube.com\/@ALPEDHUEZOfficiel\/"]}]}},"publishpress_future_action":{"enabled":false,"date":"2026-04-24 01:52:21","action":"change-status","newStatus":"draft","terms":[],"taxonomy":"language"},"publishpress_future_workflow_manual_trigger":{"enabledWorkflows":[]},"_links":{"self":[{"href":"https:\/\/skipass.alpedhuez.com\/ete\/wp-json\/wp\/v2\/pages\/3906","targetHints":{"allow":["GET"]}}],"collection":[{"href":"https:\/\/skipass.alpedhuez.com\/ete\/wp-json\/wp\/v2\/pages"}],"about":[{"href":"https:\/\/skipass.alpedhuez.com\/ete\/wp-json\/wp\/v2\/types\/page"}],"author":[{"embeddable":true,"href":"https:\/\/skipass.alpedhuez.com\/ete\/wp-json\/wp\/v2\/users\/17"}],"replies":[{"embeddable":true,"href":"https:\/\/skipass.alpedhuez.com\/ete\/wp-json\/wp\/v2\/comments?post=3906"}],"version-history":[{"count":45,"href":"https:\/\/skipass.alpedhuez.com\/ete\/wp-json\/wp\/v2\/pages\/3906\/revisions"}],"predecessor-version":[{"id":9003,"href":"https:\/\/skipass.alpedhuez.com\/ete\/wp-json\/wp\/v2\/pages\/3906\/revisions\/9003"}],"wp:attachment":[{"href":"https:\/\/skipass.alpedhuez.com\/ete\/wp-json\/wp\/v2\/media?parent=3906"}],"curies":[{"name":"wp","href":"https:\/\/api.w.org\/{rel}","templated":true}]}}