{"id":603,"date":"2020-03-02T16:07:07","date_gmt":"2020-03-02T15:07:07","guid":{"rendered":"https:\/\/skipass.alpedhuez.com\/ete\/?page_id=603"},"modified":"2025-01-13T15:27:34","modified_gmt":"2025-01-13T14:27:34","slug":"our-newsletter","status":"publish","type":"page","link":"https:\/\/skipass.alpedhuez.com\/ete\/en\/our-newsletter\/","title":{"rendered":"Our newsletter"},"content":{"rendered":"\t\t<div data-elementor-type=\"wp-page\" data-elementor-id=\"603\" class=\"elementor elementor-603\" data-elementor-post-type=\"page\">\n\t\t\t\t\t\t<section data-particle_enable=\"false\" data-particle-mobile-disabled=\"false\" class=\"elementor-section elementor-top-section elementor-element elementor-element-57b16e5 elementor-section-boxed elementor-section-height-default elementor-section-height-default\" data-id=\"57b16e5\" data-element_type=\"section\">\n\t\t\t\t\t\t<div class=\"elementor-container elementor-column-gap-default\">\n\t\t\t\t\t<div class=\"elementor-column elementor-col-100 elementor-top-column elementor-element elementor-element-4ccbb38\" data-id=\"4ccbb38\" data-element_type=\"column\">\n\t\t\t<div class=\"elementor-widget-wrap elementor-element-populated\">\n\t\t\t\t\t\t<div class=\"elementor-element elementor-element-d71f7b3 elementor-widget elementor-widget-html\" data-id=\"d71f7b3\" data-element_type=\"widget\" data-widget_type=\"html.default\">\n\t\t\t\t<div class=\"elementor-widget-container\">\n\t\t\t\t\t<iframe loading=\"lazy\" src=\"https:\/\/analytics-eu.clickdimensions.com\/jbconceptfr-abguh\/pages\/g4bbqrepee46qanoubtpa.html\" allowtransparency=\"true\" width=\"100%\" height=\"504px\" type=\"text\/html\" frameborder=\"0\" style=\"border:0\"><\/iframe>\t\t\t\t<\/div>\n\t\t\t\t<\/div>\n\t\t\t\t<div class=\"elementor-element elementor-element-23580f0 elementor-widget elementor-widget-text-editor\" data-id=\"23580f0\" data-element_type=\"widget\" data-widget_type=\"text-editor.default\">\n\t\t\t\t<div class=\"elementor-widget-container\">\n\t\t\t\t\t\t\t\t\t<p>En indiquant votre adresse mail ci-dessous, vous consentez \u00e0 recevoir des informations de la part de l\u2019Alpe d\u2019huez domaine skiable par voie \u00e9lectronique. Vous pouvez vous d\u00e9sinscrire \u00e0 tout moment \u00e0 travers les liens de d\u00e9sinscription.<\/p>\t\t\t\t\t\t\t\t<\/div>\n\t\t\t\t<\/div>\n\t\t\t\t\t<\/div>\n\t\t<\/div>\n\t\t\t\t\t<\/div>\n\t\t<\/section>\n\t\t\t\t<\/div>\n\t\t","protected":false},"excerpt":{"rendered":"<p>En indiquant votre adresse mail ci-dessous, vous consentez \u00e0 recevoir des informations de la part de l\u2019Alpe d\u2019huez domaine skiable par voie \u00e9lectronique. Vous pouvez vous d\u00e9sinscrire \u00e0 tout moment \u00e0 travers les liens de d\u00e9sinscription.<\/p>\n","protected":false},"author":11,"featured_media":0,"parent":0,"menu_order":0,"comment_status":"closed","ping_status":"closed","template":"","meta":{"footnotes":"","_links_to":"","_links_to_target":""},"class_list":["post-603","page","type-page","status-publish","hentry"],"yoast_head":"<!-- This site is optimized with the Yoast SEO plugin v25.2 - https:\/\/yoast.com\/wordpress\/plugins\/seo\/ -->\n<title>Our newsletter - Alpe d&#039;Huez - Site Officiel - \u00c9t\u00e9<\/title>\n<meta name=\"robots\" content=\"noindex, nofollow\" \/>\n<meta property=\"og:locale\" content=\"fr_FR\" \/>\n<meta property=\"og:type\" content=\"article\" \/>\n<meta property=\"og:title\" content=\"Our newsletter - Alpe d&#039;Huez - Site Officiel - \u00c9t\u00e9\" \/>\n<meta property=\"og:description\" content=\"En indiquant votre adresse mail ci-dessous, vous consentez \u00e0 recevoir des informations de la part de l\u2019Alpe d\u2019huez domaine skiable par voie \u00e9lectronique. Vous pouvez vous d\u00e9sinscrire \u00e0 tout moment \u00e0 travers les liens de d\u00e9sinscription.\" \/>\n<meta property=\"og:url\" content=\"https:\/\/skipass.alpedhuez.com\/ete\/en\/our-newsletter\/\" \/>\n<meta property=\"og:site_name\" content=\"Alpe d&#039;Huez - Site Officiel - \u00c9t\u00e9\" \/>\n<meta property=\"article:publisher\" content=\"https:\/\/www.facebook.com\/alpe.huez\/\" \/>\n<meta property=\"article:modified_time\" content=\"2025-01-13T14:27:34+00:00\" \/>\n<meta name=\"twitter:card\" content=\"summary_large_image\" \/>\n<meta name=\"twitter:site\" content=\"@alpedhuez\" \/>\n<meta name=\"twitter:label1\" content=\"Dur\u00e9e de lecture estim\u00e9e\" \/>\n\t<meta name=\"twitter:data1\" content=\"1 minute\" \/>\n<script type=\"application\/ld+json\" class=\"yoast-schema-graph\">{\"@context\":\"https:\/\/schema.org\",\"@graph\":[{\"@type\":\"WebPage\",\"@id\":\"https:\/\/skipass.alpedhuez.com\/ete\/en\/our-newsletter\/\",\"url\":\"https:\/\/skipass.alpedhuez.com\/ete\/en\/our-newsletter\/\",\"name\":\"Our newsletter - Alpe d&#039;Huez - Site Officiel - \u00c9t\u00e9\",\"isPartOf\":{\"@id\":\"https:\/\/skipass.alpedhuez.com\/ete\/#website\"},\"datePublished\":\"2020-03-02T15:07:07+00:00\",\"dateModified\":\"2025-01-13T14:27:34+00:00\",\"breadcrumb\":{\"@id\":\"https:\/\/skipass.alpedhuez.com\/ete\/en\/our-newsletter\/#breadcrumb\"},\"inLanguage\":\"fr-FR\",\"potentialAction\":[{\"@type\":\"ReadAction\",\"target\":[\"https:\/\/skipass.alpedhuez.com\/ete\/en\/our-newsletter\/\"]}]},{\"@type\":\"BreadcrumbList\",\"@id\":\"https:\/\/skipass.alpedhuez.com\/ete\/en\/our-newsletter\/#breadcrumb\",\"itemListElement\":[{\"@type\":\"ListItem\",\"position\":1,\"name\":\"Alpe d'Huez Grand Domaine\",\"item\":\"https:\/\/skipass.alpedhuez.com\/ete\/\"},{\"@type\":\"ListItem\",\"position\":2,\"name\":\"Our newsletter\"}]},{\"@type\":\"WebSite\",\"@id\":\"https:\/\/skipass.alpedhuez.com\/ete\/#website\",\"url\":\"https:\/\/skipass.alpedhuez.com\/ete\/\",\"name\":\"Alpe d'Huez - Site Officiel - \u00c9t\u00e9\",\"description\":\"Alpe d&#039;Huez - Site Officiel\",\"publisher\":{\"@id\":\"https:\/\/skipass.alpedhuez.com\/ete\/#organization\"},\"potentialAction\":[{\"@type\":\"SearchAction\",\"target\":{\"@type\":\"EntryPoint\",\"urlTemplate\":\"https:\/\/skipass.alpedhuez.com\/ete\/?s={search_term_string}\"},\"query-input\":{\"@type\":\"PropertyValueSpecification\",\"valueRequired\":true,\"valueName\":\"search_term_string\"}}],\"inLanguage\":\"fr-FR\"},{\"@type\":\"Organization\",\"@id\":\"https:\/\/skipass.alpedhuez.com\/ete\/#organization\",\"name\":\"Alpe d'Huez - Site Officiel - \u00c9t\u00e9\",\"url\":\"https:\/\/skipass.alpedhuez.com\/ete\/\",\"logo\":{\"@type\":\"ImageObject\",\"inLanguage\":\"fr-FR\",\"@id\":\"https:\/\/skipass.alpedhuez.com\/ete\/#\/schema\/logo\/image\/\",\"url\":\"https:\/\/skipass.alpedhuez.com\/ete\/wp-content\/uploads\/sites\/11\/2021\/05\/logo-alpe-huez.png\",\"contentUrl\":\"https:\/\/skipass.alpedhuez.com\/ete\/wp-content\/uploads\/sites\/11\/2021\/05\/logo-alpe-huez.png\",\"width\":365,\"height\":124,\"caption\":\"Alpe d'Huez - Site Officiel - \u00c9t\u00e9\"},\"image\":{\"@id\":\"https:\/\/skipass.alpedhuez.com\/ete\/#\/schema\/logo\/image\/\"},\"sameAs\":[\"https:\/\/www.facebook.com\/alpe.huez\/\",\"https:\/\/x.com\/alpedhuez\",\"https:\/\/www.instagram.com\/alpedhuez\/\",\"https:\/\/www.youtube.com\/@ALPEDHUEZOfficiel\/\"]}]}<\/script>\n<!-- \/ Yoast SEO plugin. -->","yoast_head_json":{"title":"Our newsletter - Alpe d&#039;Huez - Site Officiel - \u00c9t\u00e9","robots":{"index":"noindex","follow":"nofollow"},"og_locale":"fr_FR","og_type":"article","og_title":"Our newsletter - Alpe d&#039;Huez - Site Officiel - \u00c9t\u00e9","og_description":"En indiquant votre adresse mail ci-dessous, vous consentez \u00e0 recevoir des informations de la part de l\u2019Alpe d\u2019huez domaine skiable par voie \u00e9lectronique. Vous pouvez vous d\u00e9sinscrire \u00e0 tout moment \u00e0 travers les liens de d\u00e9sinscription.","og_url":"https:\/\/skipass.alpedhuez.com\/ete\/en\/our-newsletter\/","og_site_name":"Alpe d&#039;Huez - Site Officiel - \u00c9t\u00e9","article_publisher":"https:\/\/www.facebook.com\/alpe.huez\/","article_modified_time":"2025-01-13T14:27:34+00:00","twitter_card":"summary_large_image","twitter_site":"@alpedhuez","twitter_misc":{"Dur\u00e9e de lecture estim\u00e9e":"1 minute"},"schema":{"@context":"https:\/\/schema.org","@graph":[{"@type":"WebPage","@id":"https:\/\/skipass.alpedhuez.com\/ete\/en\/our-newsletter\/","url":"https:\/\/skipass.alpedhuez.com\/ete\/en\/our-newsletter\/","name":"Our newsletter - Alpe d&#039;Huez - Site Officiel - \u00c9t\u00e9","isPartOf":{"@id":"https:\/\/skipass.alpedhuez.com\/ete\/#website"},"datePublished":"2020-03-02T15:07:07+00:00","dateModified":"2025-01-13T14:27:34+00:00","breadcrumb":{"@id":"https:\/\/skipass.alpedhuez.com\/ete\/en\/our-newsletter\/#breadcrumb"},"inLanguage":"fr-FR","potentialAction":[{"@type":"ReadAction","target":["https:\/\/skipass.alpedhuez.com\/ete\/en\/our-newsletter\/"]}]},{"@type":"BreadcrumbList","@id":"https:\/\/skipass.alpedhuez.com\/ete\/en\/our-newsletter\/#breadcrumb","itemListElement":[{"@type":"ListItem","position":1,"name":"Alpe d'Huez Grand Domaine","item":"https:\/\/skipass.alpedhuez.com\/ete\/"},{"@type":"ListItem","position":2,"name":"Our newsletter"}]},{"@type":"WebSite","@id":"https:\/\/skipass.alpedhuez.com\/ete\/#website","url":"https:\/\/skipass.alpedhuez.com\/ete\/","name":"Alpe d'Huez - Site Officiel - \u00c9t\u00e9","description":"Alpe d&#039;Huez - Site Officiel","publisher":{"@id":"https:\/\/skipass.alpedhuez.com\/ete\/#organization"},"potentialAction":[{"@type":"SearchAction","target":{"@type":"EntryPoint","urlTemplate":"https:\/\/skipass.alpedhuez.com\/ete\/?s={search_term_string}"},"query-input":{"@type":"PropertyValueSpecification","valueRequired":true,"valueName":"search_term_string"}}],"inLanguage":"fr-FR"},{"@type":"Organization","@id":"https:\/\/skipass.alpedhuez.com\/ete\/#organization","name":"Alpe d'Huez - Site Officiel - \u00c9t\u00e9","url":"https:\/\/skipass.alpedhuez.com\/ete\/","logo":{"@type":"ImageObject","inLanguage":"fr-FR","@id":"https:\/\/skipass.alpedhuez.com\/ete\/#\/schema\/logo\/image\/","url":"https:\/\/skipass.alpedhuez.com\/ete\/wp-content\/uploads\/sites\/11\/2021\/05\/logo-alpe-huez.png","contentUrl":"https:\/\/skipass.alpedhuez.com\/ete\/wp-content\/uploads\/sites\/11\/2021\/05\/logo-alpe-huez.png","width":365,"height":124,"caption":"Alpe d'Huez - Site Officiel - \u00c9t\u00e9"},"image":{"@id":"https:\/\/skipass.alpedhuez.com\/ete\/#\/schema\/logo\/image\/"},"sameAs":["https:\/\/www.facebook.com\/alpe.huez\/","https:\/\/x.com\/alpedhuez","https:\/\/www.instagram.com\/alpedhuez\/","https:\/\/www.youtube.com\/@ALPEDHUEZOfficiel\/"]}]}},"publishpress_future_action":{"enabled":false,"date":"2026-04-23 01:36:30","action":"change-status","newStatus":"draft","terms":[],"taxonomy":"language"},"publishpress_future_workflow_manual_trigger":{"enabledWorkflows":[]},"_links":{"self":[{"href":"https:\/\/skipass.alpedhuez.com\/ete\/wp-json\/wp\/v2\/pages\/603","targetHints":{"allow":["GET"]}}],"collection":[{"href":"https:\/\/skipass.alpedhuez.com\/ete\/wp-json\/wp\/v2\/pages"}],"about":[{"href":"https:\/\/skipass.alpedhuez.com\/ete\/wp-json\/wp\/v2\/types\/page"}],"author":[{"embeddable":true,"href":"https:\/\/skipass.alpedhuez.com\/ete\/wp-json\/wp\/v2\/users\/11"}],"replies":[{"embeddable":true,"href":"https:\/\/skipass.alpedhuez.com\/ete\/wp-json\/wp\/v2\/comments?post=603"}],"version-history":[{"count":17,"href":"https:\/\/skipass.alpedhuez.com\/ete\/wp-json\/wp\/v2\/pages\/603\/revisions"}],"predecessor-version":[{"id":13120,"href":"https:\/\/skipass.alpedhuez.com\/ete\/wp-json\/wp\/v2\/pages\/603\/revisions\/13120"}],"wp:attachment":[{"href":"https:\/\/skipass.alpedhuez.com\/ete\/wp-json\/wp\/v2\/media?parent=603"}],"curies":[{"name":"wp","href":"https:\/\/api.w.org\/{rel}","templated":true}]}}