{"id":1519,"date":"2019-08-07T16:53:05","date_gmt":"2019-08-07T14:53:05","guid":{"rendered":"http:\/\/skipass.alpedhuez.com\/?page_id=1519"},"modified":"2026-02-18T14:52:41","modified_gmt":"2026-02-18T13:52:41","slug":"mentions-legales","status":"publish","type":"page","link":"https:\/\/skipass.alpedhuez.com\/hiver\/mentions-legales\/","title":{"rendered":"Mentions l\u00e9gales"},"content":{"rendered":"\t\t<div data-elementor-type=\"wp-post\" data-elementor-id=\"1519\" class=\"elementor elementor-1519\" data-elementor-post-type=\"page\">\n\t\t\t\t\t\t<section data-particle_enable=\"false\" data-particle-mobile-disabled=\"false\" class=\"elementor-section elementor-top-section elementor-element elementor-element-e53c355 elementor-section-boxed elementor-section-height-default elementor-section-height-default\" data-id=\"e53c355\" data-element_type=\"section\">\n\t\t\t\t\t\t<div class=\"elementor-container elementor-column-gap-default\">\n\t\t\t\t\t<div class=\"elementor-column elementor-col-100 elementor-top-column elementor-element elementor-element-3b48591\" data-id=\"3b48591\" data-element_type=\"column\">\n\t\t\t<div class=\"elementor-widget-wrap elementor-element-populated\">\n\t\t\t\t\t\t<div class=\"elementor-element elementor-element-4d28312 elementor-widget elementor-widget-heading\" data-id=\"4d28312\" data-element_type=\"widget\" data-widget_type=\"heading.default\">\n\t\t\t\t<div class=\"elementor-widget-container\">\n\t\t\t\t\t<h4 class=\"elementor-heading-title elementor-size-default\">INFORMATIONS L\u00c9GALES<\/h4>\t\t\t\t<\/div>\n\t\t\t\t<\/div>\n\t\t\t\t<div class=\"elementor-element elementor-element-336bab3 elementor-widget elementor-widget-text-editor\" data-id=\"336bab3\" data-element_type=\"widget\" data-widget_type=\"text-editor.default\">\n\t\t\t\t<div class=\"elementor-widget-container\">\n\t\t\t\t\t\t\t\t\t<p>Le pr\u00e9sent site\u00a0<a href=\"https:\/\/skipass.alpedhuez.com\/hiver\/\">skipass.alpedhuez.com<\/a>\u00a0est \u00e9dit\u00e9 par la soci\u00e9t\u00e9 :<\/p><p>SATA GROUP<\/p><p><span style=\"font-size: 1rem;\">RUE DU PIC BLANC -BP- 54<\/span><\/p><p>38750 ALPE D\u2019HUEZ<\/p><p>FRANCE<\/p><p>RCS Grenoble B 775 595 960 000 52<\/p><p>Soci\u00e9t\u00e9 Anonyme d\u2019\u00e9conomie mixte au capital de 21 744 632 \u20acuros<\/p>\t\t\t\t\t\t\t\t<\/div>\n\t\t\t\t<\/div>\n\t\t\t\t\t<\/div>\n\t\t<\/div>\n\t\t\t\t\t<\/div>\n\t\t<\/section>\n\t\t\t\t<section data-particle_enable=\"false\" data-particle-mobile-disabled=\"false\" class=\"elementor-section elementor-top-section elementor-element elementor-element-89bc2db elementor-section-boxed elementor-section-height-default elementor-section-height-default\" data-id=\"89bc2db\" data-element_type=\"section\">\n\t\t\t\t\t\t<div class=\"elementor-container elementor-column-gap-default\">\n\t\t\t\t\t<div class=\"elementor-column elementor-col-100 elementor-top-column elementor-element elementor-element-299c8f8\" data-id=\"299c8f8\" data-element_type=\"column\">\n\t\t\t<div class=\"elementor-widget-wrap elementor-element-populated\">\n\t\t\t\t\t\t<div class=\"elementor-element elementor-element-44ca51c elementor-widget elementor-widget-heading\" data-id=\"44ca51c\" data-element_type=\"widget\" data-widget_type=\"heading.default\">\n\t\t\t\t<div class=\"elementor-widget-container\">\n\t\t\t\t\t<h4 class=\"elementor-heading-title elementor-size-default\">CONCEPTION, GRAPHISME<\/h4>\t\t\t\t<\/div>\n\t\t\t\t<\/div>\n\t\t\t\t<div class=\"elementor-element elementor-element-fbe57d2 elementor-widget elementor-widget-text-editor\" data-id=\"fbe57d2\" data-element_type=\"widget\" data-widget_type=\"text-editor.default\">\n\t\t\t\t<div class=\"elementor-widget-container\">\n\t\t\t\t\t\t\t\t\t<p>Conception Graphique, R\u00e9alisation Technique et H\u00e9bergement :<\/p><p>ALPILINK<\/p><p>2 rue de la viscose, Immeuble Le Rayon Vert<\/p><p>38130 \u00c9CHIROLLES.<\/p>\t\t\t\t\t\t\t\t<\/div>\n\t\t\t\t<\/div>\n\t\t\t\t\t<\/div>\n\t\t<\/div>\n\t\t\t\t\t<\/div>\n\t\t<\/section>\n\t\t\t\t<section data-particle_enable=\"false\" data-particle-mobile-disabled=\"false\" class=\"elementor-section elementor-top-section elementor-element elementor-element-c4c3a6a elementor-section-boxed elementor-section-height-default elementor-section-height-default\" data-id=\"c4c3a6a\" data-element_type=\"section\">\n\t\t\t\t\t\t<div class=\"elementor-container elementor-column-gap-default\">\n\t\t\t\t\t<div class=\"elementor-column elementor-col-100 elementor-top-column elementor-element elementor-element-49a739c\" data-id=\"49a739c\" data-element_type=\"column\">\n\t\t\t<div class=\"elementor-widget-wrap elementor-element-populated\">\n\t\t\t\t\t\t<div class=\"elementor-element elementor-element-cbcf148 elementor-widget elementor-widget-heading\" data-id=\"cbcf148\" data-element_type=\"widget\" data-widget_type=\"heading.default\">\n\t\t\t\t<div class=\"elementor-widget-container\">\n\t\t\t\t\t<h4 class=\"elementor-heading-title elementor-size-default\">CREDITS PHOTOS<\/h4>\t\t\t\t<\/div>\n\t\t\t\t<\/div>\n\t\t\t\t<div class=\"elementor-element elementor-element-c72d84d elementor-widget elementor-widget-text-editor\" data-id=\"c72d84d\" data-element_type=\"widget\" data-widget_type=\"text-editor.default\">\n\t\t\t\t<div class=\"elementor-widget-container\">\n\t\t\t\t\t\t\t\t\t<p>\u00ae Laurent Salino \/ OT Alpe d\u2019Huez : <span style=\"font-size: 1rem;\">OT Alpe d&rsquo;Huez<\/span><\/p><p>\u00ae MATTHIEU COURTOIS :\u00a0<a href=\"https:\/\/www.snow-stories.com\/\" target=\"_blank\" rel=\"noopener\">www.snow-stories.com<\/a><\/p><p>\u00ae Propaganda73 :\u00a0<a href=\"http:\/\/propaganda73.com\/\" target=\"_blank\" rel=\"noopener\">http:\/\/propaganda73.com\/<\/a><\/p><p>\u00ae Snow Stories :\u00a0<a href=\"https:\/\/www.snow-stories.com\/\" target=\"_blank\" rel=\"noopener\">www.snow-stories.com<\/a><\/p><p><span style=\"font-size: 1rem;\">\u00a9Cyrille Quintard \/ OT Alpe d&rsquo;Huez<\/span><\/p><p><span style=\"font-size: 1rem;\">\u00a9<\/span><span style=\"font-size: 1rem;\">BaptisteDiet\u00a0 \/ OT Alpe d&rsquo;Huez<\/span><\/p><p><span style=\"font-size: 1rem;\">\u00a9<\/span><span style=\"font-size: 1rem;\">Lionel Royet \/ OT Alpe d&rsquo;Huez<\/span><\/p><p>En partenariat avec ROSSIGNOL : <a href=\"https:\/\/www.rossignol.com\/fr-fr\/\" target=\"_blank\" rel=\"noopener\">https:\/\/www.rossignol.com\/fr-fr\/<\/a><\/p><div>\u00a0<\/div><div>Icons made by <a title=\"Freepik\" href=\"https:\/\/www.freepik.com\">Freepik<\/a>, <a title=\"Good Ware\" href=\"https:\/\/www.flaticon.com\/authors\/good-ware\">Good Ware<\/a> et <a title=\"Smashicons\" href=\"https:\/\/www.flaticon.com\/authors\/smashicons\">Smashicons<\/a> from <a title=\"Flaticon\" href=\"https:\/\/www.flaticon.com\/\">www.flaticon.com<\/a><\/div>\t\t\t\t\t\t\t\t<\/div>\n\t\t\t\t<\/div>\n\t\t\t\t\t<\/div>\n\t\t<\/div>\n\t\t\t\t\t<\/div>\n\t\t<\/section>\n\t\t<div data-particle_enable=\"false\" data-particle-mobile-disabled=\"false\" class=\"elementor-element elementor-element-487cd47 e-flex e-con-boxed e-con e-parent\" data-id=\"487cd47\" data-element_type=\"container\">\n\t\t\t\t\t<div class=\"e-con-inner\">\n\t\t\t\t<div class=\"elementor-element elementor-element-7233bba elementor-hidden-desktop elementor-hidden-tablet elementor-hidden-mobile elementor-widget elementor-widget-text-editor\" data-id=\"7233bba\" data-element_type=\"widget\" data-widget_type=\"text-editor.default\">\n\t\t\t\t<div class=\"elementor-widget-container\">\n\t\t\t\t\t\t\t\t\t<p><b>Et Aussi :<\/b><\/p><p>Vincen PUJOL : SkiVR\u00a0<a href=\"https:\/\/www.skivr.com\/\" target=\"_blank\" rel=\"noopener\">www.skivr.com<\/a>\u00a0pour les panoramas<\/p><p>Photographe Amateur, gagnant du jeu concours :\u00a0<a href=\"https:\/\/www.alpephotocontest.com\/\" target=\"_blank\" rel=\"noopener\">Alpe photo contest<\/a><\/p>\t\t\t\t\t\t\t\t<\/div>\n\t\t\t\t<\/div>\n\t\t\t\t\t<\/div>\n\t\t\t\t<\/div>\n\t\t\t\t<section data-particle_enable=\"false\" data-particle-mobile-disabled=\"false\" class=\"elementor-section elementor-top-section elementor-element elementor-element-24dc761 elementor-section-boxed elementor-section-height-default elementor-section-height-default\" data-id=\"24dc761\" data-element_type=\"section\">\n\t\t\t\t\t\t<div class=\"elementor-container elementor-column-gap-default\">\n\t\t\t\t\t<div class=\"elementor-column elementor-col-100 elementor-top-column elementor-element elementor-element-5a1beb2\" data-id=\"5a1beb2\" data-element_type=\"column\">\n\t\t\t<div class=\"elementor-widget-wrap elementor-element-populated\">\n\t\t\t\t\t\t<div class=\"elementor-element elementor-element-146352d elementor-widget elementor-widget-heading\" data-id=\"146352d\" data-element_type=\"widget\" data-widget_type=\"heading.default\">\n\t\t\t\t<div class=\"elementor-widget-container\">\n\t\t\t\t\t<h4 class=\"elementor-heading-title elementor-size-default\">1. RESPONSABILIT\u00c9 DE L\u2019\u00c9DITEUR<\/h4>\t\t\t\t<\/div>\n\t\t\t\t<\/div>\n\t\t\t\t<div class=\"elementor-element elementor-element-fa4c1f6 elementor-widget elementor-widget-text-editor\" data-id=\"fa4c1f6\" data-element_type=\"widget\" data-widget_type=\"text-editor.default\">\n\t\t\t\t<div class=\"elementor-widget-container\">\n\t\t\t\t\t\t\t\t\t<p>Malgr\u00e9 tous les soins apport\u00e9s \u00e0 la mise en \u0153uvre du pr\u00e9sent site\u00a0<a href=\"https:\/\/skipass.alpedhuez.com\/hiver\/\">skipass.alpedhuez.com<\/a>\u00a0et \u00e0 son actualisation r\u00e9guli\u00e8re, des erreurs peuvent s&rsquo;\u00eatre gliss\u00e9es dans les informations et\/ou documents pr\u00e9sent\u00e9s. Les utilisateurs du site proc\u00e9deront donc \u00e0 toutes v\u00e9rifications utiles.<\/p><p>Les liens hypertextes mis en place sur le pr\u00e9sent site web ou sur tout autre site web appartenant \u00e0 SATA GROUP, en direction d&rsquo;autres ressources pr\u00e9sentes sur le r\u00e9seau Internet ne sauraient engager la responsabilit\u00e9 de SATA GROUP.<\/p>\t\t\t\t\t\t\t\t<\/div>\n\t\t\t\t<\/div>\n\t\t\t\t\t<\/div>\n\t\t<\/div>\n\t\t\t\t\t<\/div>\n\t\t<\/section>\n\t\t\t\t<section data-particle_enable=\"false\" data-particle-mobile-disabled=\"false\" class=\"elementor-section elementor-top-section elementor-element elementor-element-a0b36c2 elementor-section-boxed elementor-section-height-default elementor-section-height-default\" data-id=\"a0b36c2\" data-element_type=\"section\">\n\t\t\t\t\t\t<div class=\"elementor-container elementor-column-gap-default\">\n\t\t\t\t\t<div class=\"elementor-column elementor-col-100 elementor-top-column elementor-element elementor-element-8ac7aec\" data-id=\"8ac7aec\" data-element_type=\"column\">\n\t\t\t<div class=\"elementor-widget-wrap elementor-element-populated\">\n\t\t\t\t\t\t<div class=\"elementor-element elementor-element-72fd40b elementor-widget elementor-widget-heading\" data-id=\"72fd40b\" data-element_type=\"widget\" data-widget_type=\"heading.default\">\n\t\t\t\t<div class=\"elementor-widget-container\">\n\t\t\t\t\t<h4 class=\"elementor-heading-title elementor-size-default\">2. DONN\u00c9ES PERSONNELLES, CONFIDENTIALIT\u00c9 ET COOKIES<\/h4>\t\t\t\t<\/div>\n\t\t\t\t<\/div>\n\t\t\t\t<div class=\"elementor-element elementor-element-02b3ebf elementor-widget elementor-widget-text-editor\" data-id=\"02b3ebf\" data-element_type=\"widget\" data-widget_type=\"text-editor.default\">\n\t\t\t\t<div class=\"elementor-widget-container\">\n\t\t\t\t\t\t\t\t\t<p>Voir notre page\u00a0<a href=\"https:\/\/skipass.alpedhuez.com\/hiver\/donnees-personnelles-et-cookies-2\/\">Donn\u00e9es personnelles et cookies<\/a><\/p>\t\t\t\t\t\t\t\t<\/div>\n\t\t\t\t<\/div>\n\t\t\t\t\t<\/div>\n\t\t<\/div>\n\t\t\t\t\t<\/div>\n\t\t<\/section>\n\t\t\t\t<section data-particle_enable=\"false\" data-particle-mobile-disabled=\"false\" class=\"elementor-section elementor-top-section elementor-element elementor-element-f03e7d2 elementor-section-boxed elementor-section-height-default elementor-section-height-default\" data-id=\"f03e7d2\" data-element_type=\"section\">\n\t\t\t\t\t\t<div class=\"elementor-container elementor-column-gap-default\">\n\t\t\t\t\t<div class=\"elementor-column elementor-col-100 elementor-top-column elementor-element elementor-element-d7d62c8\" data-id=\"d7d62c8\" data-element_type=\"column\">\n\t\t\t<div class=\"elementor-widget-wrap elementor-element-populated\">\n\t\t\t\t\t\t<div class=\"elementor-element elementor-element-b6e5632 elementor-widget elementor-widget-heading\" data-id=\"b6e5632\" data-element_type=\"widget\" data-widget_type=\"heading.default\">\n\t\t\t\t<div class=\"elementor-widget-container\">\n\t\t\t\t\t<h4 class=\"elementor-heading-title elementor-size-default\">3. PROPRI\u00c9T\u00c9 INTELLECTUELLE<\/h4>\t\t\t\t<\/div>\n\t\t\t\t<\/div>\n\t\t\t\t<div class=\"elementor-element elementor-element-964335e elementor-widget elementor-widget-text-editor\" data-id=\"964335e\" data-element_type=\"widget\" data-widget_type=\"text-editor.default\">\n\t\t\t\t<div class=\"elementor-widget-container\">\n\t\t\t\t\t\t\t\t\t<p>L&rsquo;ensemble du contenu de ce site y compris les textes, photographies, dessins, images, s\u00e9quences sonores est la propri\u00e9t\u00e9 de SATA GROUP ou de tiers ayant autoris\u00e9 SATA GROUP \u00e0 les utiliser et rel\u00e8ve de la l\u00e9gislation fran\u00e7aise et internationale sur le droit d&rsquo;auteur et la propri\u00e9t\u00e9 intellectuelle.<\/p><p>Tous les droits de reproduction sont r\u00e9serv\u00e9s, y compris pour les documents t\u00e9l\u00e9chargeables et les repr\u00e9sentations iconographiques et photographiques. Toute reproduction, repr\u00e9sentation ou distribution sans autorisation constitue une contrefa\u00e7on au sens de l\u2019article L.335-2 et suivants du Code de Propri\u00e9t\u00e9 Intellectuelle.<\/p><p>Toute reproduction, utilisation, imitation, repr\u00e9sentation partielle ou int\u00e9grale du site\u00a0<a href=\"https:\/\/skipass.alpedhuez.com\/hiver\/\">skipass.alpedhuez.com<\/a>, des bases de donn\u00e9es utilis\u00e9es par le site, que ce soit sous forme papier ou \u00e9lectronique est interdite sans l&rsquo;accord express de SATA GROUP. Toute utilisation des \u00e9l\u00e9ments du pr\u00e9sent site \u00e0 des fins diff\u00e9rentes de celles \u00e9num\u00e9r\u00e9es ci-dessus pourra faire l&rsquo;objet de poursuites judiciaires, en France comme \u00e0 l&rsquo;\u00e9tranger.<\/p>\t\t\t\t\t\t\t\t<\/div>\n\t\t\t\t<\/div>\n\t\t\t\t\t<\/div>\n\t\t<\/div>\n\t\t\t\t\t<\/div>\n\t\t<\/section>\n\t\t\t\t<\/div>\n\t\t","protected":false},"excerpt":{"rendered":"<p>INFORMATIONS L\u00c9GALES Le pr\u00e9sent site\u00a0skipass.alpedhuez.com\u00a0est \u00e9dit\u00e9 par la soci\u00e9t\u00e9 : SATA GROUP RUE DU PIC BLANC -BP- 54 38750 ALPE D\u2019HUEZ FRANCE RCS Grenoble B 775 595 960 000 52 Soci\u00e9t\u00e9 Anonyme d\u2019\u00e9conomie mixte au capital de 21 744 632 \u20acuros CONCEPTION, GRAPHISME Conception Graphique, R\u00e9alisation Technique et H\u00e9bergement : ALPILINK 2 rue de la [&hellip;]<\/p>\n","protected":false},"author":2,"featured_media":0,"parent":0,"menu_order":0,"comment_status":"closed","ping_status":"closed","template":"","meta":{"footnotes":"","_links_to":"","_links_to_target":""},"class_list":["post-1519","page","type-page","status-publish","hentry"],"yoast_head":"<!-- This site is optimized with the Yoast SEO plugin v25.2 - https:\/\/yoast.com\/wordpress\/plugins\/seo\/ -->\n<title>Mentions l\u00e9gales - Alpe d&#039;Huez - Site Officiel - Hiver<\/title>\n<meta name=\"robots\" content=\"index, follow, max-snippet:-1, max-image-preview:large, max-video-preview:-1\" \/>\n<link rel=\"canonical\" href=\"https:\/\/skipass.alpedhuez.com\/hiver\/mentions-legales\/\" \/>\n<meta property=\"og:locale\" content=\"fr_FR\" \/>\n<meta property=\"og:type\" content=\"article\" \/>\n<meta property=\"og:title\" content=\"Mentions l\u00e9gales - Alpe d&#039;Huez - Site Officiel - Hiver\" \/>\n<meta property=\"og:description\" content=\"INFORMATIONS L\u00c9GALES Le pr\u00e9sent site\u00a0skipass.alpedhuez.com\u00a0est \u00e9dit\u00e9 par la soci\u00e9t\u00e9 : SATA GROUP RUE DU PIC BLANC -BP- 54 38750 ALPE D\u2019HUEZ FRANCE RCS Grenoble B 775 595 960 000 52 Soci\u00e9t\u00e9 Anonyme d\u2019\u00e9conomie mixte au capital de 21 744 632 \u20acuros CONCEPTION, GRAPHISME Conception Graphique, R\u00e9alisation Technique et H\u00e9bergement : ALPILINK 2 rue de la [&hellip;]\" \/>\n<meta property=\"og:url\" content=\"https:\/\/skipass.alpedhuez.com\/hiver\/mentions-legales\/\" \/>\n<meta property=\"og:site_name\" content=\"Alpe d&#039;Huez - Site Officiel - Hiver\" \/>\n<meta property=\"article:publisher\" content=\"https:\/\/www.facebook.com\/alpe.huez\/\" \/>\n<meta property=\"article:modified_time\" content=\"2026-02-18T13:52:41+00:00\" \/>\n<meta property=\"og:image\" content=\"https:\/\/skipass.alpedhuez.com\/hiver\/wp-content\/uploads\/sites\/12\/2021\/04\/alpehuez.png\" \/>\n\t<meta property=\"og:image:width\" content=\"80\" \/>\n\t<meta property=\"og:image:height\" content=\"80\" \/>\n\t<meta property=\"og:image:type\" content=\"image\/png\" \/>\n<meta name=\"twitter:card\" content=\"summary_large_image\" \/>\n<meta name=\"twitter:site\" content=\"@alpedhuez\" \/>\n<meta name=\"twitter:label1\" content=\"Dur\u00e9e de lecture estim\u00e9e\" \/>\n\t<meta name=\"twitter:data1\" content=\"2 minutes\" \/>\n<script type=\"application\/ld+json\" class=\"yoast-schema-graph\">{\"@context\":\"https:\/\/schema.org\",\"@graph\":[{\"@type\":\"WebPage\",\"@id\":\"https:\/\/skipass.alpedhuez.com\/hiver\/mentions-legales\/\",\"url\":\"https:\/\/skipass.alpedhuez.com\/hiver\/mentions-legales\/\",\"name\":\"Mentions l\u00e9gales - Alpe d&#039;Huez - Site Officiel - Hiver\",\"isPartOf\":{\"@id\":\"https:\/\/skipass.alpedhuez.com\/hiver\/#website\"},\"datePublished\":\"2019-08-07T14:53:05+00:00\",\"dateModified\":\"2026-02-18T13:52:41+00:00\",\"breadcrumb\":{\"@id\":\"https:\/\/skipass.alpedhuez.com\/hiver\/mentions-legales\/#breadcrumb\"},\"inLanguage\":\"fr-FR\",\"potentialAction\":[{\"@type\":\"ReadAction\",\"target\":[\"https:\/\/skipass.alpedhuez.com\/hiver\/mentions-legales\/\"]}]},{\"@type\":\"BreadcrumbList\",\"@id\":\"https:\/\/skipass.alpedhuez.com\/hiver\/mentions-legales\/#breadcrumb\",\"itemListElement\":[{\"@type\":\"ListItem\",\"position\":1,\"name\":\"Alpe d'Huez Domaine Skiable\",\"item\":\"https:\/\/skipass.alpedhuez.com\/hiver\/\"},{\"@type\":\"ListItem\",\"position\":2,\"name\":\"Mentions l\u00e9gales\"}]},{\"@type\":\"WebSite\",\"@id\":\"https:\/\/skipass.alpedhuez.com\/hiver\/#website\",\"url\":\"https:\/\/skipass.alpedhuez.com\/hiver\/\",\"name\":\"Alpe d'Huez - Site Officiel - Hiver\",\"description\":\"Alpe d&#039;Huez - Site Officiel\",\"publisher\":{\"@id\":\"https:\/\/skipass.alpedhuez.com\/hiver\/#organization\"},\"potentialAction\":[{\"@type\":\"SearchAction\",\"target\":{\"@type\":\"EntryPoint\",\"urlTemplate\":\"https:\/\/skipass.alpedhuez.com\/hiver\/?s={search_term_string}\"},\"query-input\":{\"@type\":\"PropertyValueSpecification\",\"valueRequired\":true,\"valueName\":\"search_term_string\"}}],\"inLanguage\":\"fr-FR\"},{\"@type\":\"Organization\",\"@id\":\"https:\/\/skipass.alpedhuez.com\/hiver\/#organization\",\"name\":\"Alpe d'Huez - Site Officiel - Hiver\",\"url\":\"https:\/\/skipass.alpedhuez.com\/hiver\/\",\"logo\":{\"@type\":\"ImageObject\",\"inLanguage\":\"fr-FR\",\"@id\":\"https:\/\/skipass.alpedhuez.com\/hiver\/#\/schema\/logo\/image\/\",\"url\":\"https:\/\/skipass.alpedhuez.com\/hiver\/wp-content\/uploads\/sites\/12\/2021\/02\/logoalpedhuezdomaineskiable.svg\",\"contentUrl\":\"https:\/\/skipass.alpedhuez.com\/hiver\/wp-content\/uploads\/sites\/12\/2021\/02\/logoalpedhuezdomaineskiable.svg\",\"width\":1,\"height\":1,\"caption\":\"Alpe d'Huez - Site Officiel - Hiver\"},\"image\":{\"@id\":\"https:\/\/skipass.alpedhuez.com\/hiver\/#\/schema\/logo\/image\/\"},\"sameAs\":[\"https:\/\/www.facebook.com\/alpe.huez\/\",\"https:\/\/x.com\/alpedhuez\",\"https:\/\/www.instagram.com\/alpedhuez\/\",\"https:\/\/www.youtube.com\/@ALPEDHUEZOfficiel\/\"]}]}<\/script>\n<!-- \/ Yoast SEO plugin. -->","yoast_head_json":{"title":"Mentions l\u00e9gales - Alpe d&#039;Huez - Site Officiel - Hiver","robots":{"index":"index","follow":"follow","max-snippet":"max-snippet:-1","max-image-preview":"max-image-preview:large","max-video-preview":"max-video-preview:-1"},"canonical":"https:\/\/skipass.alpedhuez.com\/hiver\/mentions-legales\/","og_locale":"fr_FR","og_type":"article","og_title":"Mentions l\u00e9gales - Alpe d&#039;Huez - Site Officiel - Hiver","og_description":"INFORMATIONS L\u00c9GALES Le pr\u00e9sent site\u00a0skipass.alpedhuez.com\u00a0est \u00e9dit\u00e9 par la soci\u00e9t\u00e9 : SATA GROUP RUE DU PIC BLANC -BP- 54 38750 ALPE D\u2019HUEZ FRANCE RCS Grenoble B 775 595 960 000 52 Soci\u00e9t\u00e9 Anonyme d\u2019\u00e9conomie mixte au capital de 21 744 632 \u20acuros CONCEPTION, GRAPHISME Conception Graphique, R\u00e9alisation Technique et H\u00e9bergement : ALPILINK 2 rue de la [&hellip;]","og_url":"https:\/\/skipass.alpedhuez.com\/hiver\/mentions-legales\/","og_site_name":"Alpe d&#039;Huez - Site Officiel - Hiver","article_publisher":"https:\/\/www.facebook.com\/alpe.huez\/","article_modified_time":"2026-02-18T13:52:41+00:00","og_image":[{"width":80,"height":80,"url":"https:\/\/skipass.alpedhuez.com\/hiver\/wp-content\/uploads\/sites\/12\/2021\/04\/alpehuez.png","type":"image\/png"}],"twitter_card":"summary_large_image","twitter_site":"@alpedhuez","twitter_misc":{"Dur\u00e9e de lecture estim\u00e9e":"2 minutes"},"schema":{"@context":"https:\/\/schema.org","@graph":[{"@type":"WebPage","@id":"https:\/\/skipass.alpedhuez.com\/hiver\/mentions-legales\/","url":"https:\/\/skipass.alpedhuez.com\/hiver\/mentions-legales\/","name":"Mentions l\u00e9gales - Alpe d&#039;Huez - Site Officiel - Hiver","isPartOf":{"@id":"https:\/\/skipass.alpedhuez.com\/hiver\/#website"},"datePublished":"2019-08-07T14:53:05+00:00","dateModified":"2026-02-18T13:52:41+00:00","breadcrumb":{"@id":"https:\/\/skipass.alpedhuez.com\/hiver\/mentions-legales\/#breadcrumb"},"inLanguage":"fr-FR","potentialAction":[{"@type":"ReadAction","target":["https:\/\/skipass.alpedhuez.com\/hiver\/mentions-legales\/"]}]},{"@type":"BreadcrumbList","@id":"https:\/\/skipass.alpedhuez.com\/hiver\/mentions-legales\/#breadcrumb","itemListElement":[{"@type":"ListItem","position":1,"name":"Alpe d'Huez Domaine Skiable","item":"https:\/\/skipass.alpedhuez.com\/hiver\/"},{"@type":"ListItem","position":2,"name":"Mentions l\u00e9gales"}]},{"@type":"WebSite","@id":"https:\/\/skipass.alpedhuez.com\/hiver\/#website","url":"https:\/\/skipass.alpedhuez.com\/hiver\/","name":"Alpe d'Huez - Site Officiel - Hiver","description":"Alpe d&#039;Huez - Site Officiel","publisher":{"@id":"https:\/\/skipass.alpedhuez.com\/hiver\/#organization"},"potentialAction":[{"@type":"SearchAction","target":{"@type":"EntryPoint","urlTemplate":"https:\/\/skipass.alpedhuez.com\/hiver\/?s={search_term_string}"},"query-input":{"@type":"PropertyValueSpecification","valueRequired":true,"valueName":"search_term_string"}}],"inLanguage":"fr-FR"},{"@type":"Organization","@id":"https:\/\/skipass.alpedhuez.com\/hiver\/#organization","name":"Alpe d'Huez - Site Officiel - Hiver","url":"https:\/\/skipass.alpedhuez.com\/hiver\/","logo":{"@type":"ImageObject","inLanguage":"fr-FR","@id":"https:\/\/skipass.alpedhuez.com\/hiver\/#\/schema\/logo\/image\/","url":"https:\/\/skipass.alpedhuez.com\/hiver\/wp-content\/uploads\/sites\/12\/2021\/02\/logoalpedhuezdomaineskiable.svg","contentUrl":"https:\/\/skipass.alpedhuez.com\/hiver\/wp-content\/uploads\/sites\/12\/2021\/02\/logoalpedhuezdomaineskiable.svg","width":1,"height":1,"caption":"Alpe d'Huez - Site Officiel - Hiver"},"image":{"@id":"https:\/\/skipass.alpedhuez.com\/hiver\/#\/schema\/logo\/image\/"},"sameAs":["https:\/\/www.facebook.com\/alpe.huez\/","https:\/\/x.com\/alpedhuez","https:\/\/www.instagram.com\/alpedhuez\/","https:\/\/www.youtube.com\/@ALPEDHUEZOfficiel\/"]}]}},"publishpress_future_action":{"enabled":false,"date":"2026-04-24 10:34:42","action":"category-add","newStatus":"draft","terms":[],"taxonomy":"language"},"publishpress_future_workflow_manual_trigger":{"enabledWorkflows":[]},"_links":{"self":[{"href":"https:\/\/skipass.alpedhuez.com\/hiver\/wp-json\/wp\/v2\/pages\/1519","targetHints":{"allow":["GET"]}}],"collection":[{"href":"https:\/\/skipass.alpedhuez.com\/hiver\/wp-json\/wp\/v2\/pages"}],"about":[{"href":"https:\/\/skipass.alpedhuez.com\/hiver\/wp-json\/wp\/v2\/types\/page"}],"author":[{"embeddable":true,"href":"https:\/\/skipass.alpedhuez.com\/hiver\/wp-json\/wp\/v2\/users\/2"}],"replies":[{"embeddable":true,"href":"https:\/\/skipass.alpedhuez.com\/hiver\/wp-json\/wp\/v2\/comments?post=1519"}],"version-history":[{"count":50,"href":"https:\/\/skipass.alpedhuez.com\/hiver\/wp-json\/wp\/v2\/pages\/1519\/revisions"}],"predecessor-version":[{"id":52584,"href":"https:\/\/skipass.alpedhuez.com\/hiver\/wp-json\/wp\/v2\/pages\/1519\/revisions\/52584"}],"wp:attachment":[{"href":"https:\/\/skipass.alpedhuez.com\/hiver\/wp-json\/wp\/v2\/media?parent=1519"}],"curies":[{"name":"wp","href":"https:\/\/api.w.org\/{rel}","templated":true}]}}