{"id":1711,"date":"2019-08-08T11:51:50","date_gmt":"2019-08-08T09:51:50","guid":{"rendered":"http:\/\/skipass.alpedhuez.com\/?page_id=1711"},"modified":"2025-01-07T11:58:45","modified_gmt":"2025-01-07T10:58:45","slug":"liste-forfaits","status":"publish","type":"page","link":"https:\/\/skipass.alpedhuez.com\/hiver\/liste-forfaits\/","title":{"rendered":"Liste forfaits"},"content":{"rendered":"\t\t<div data-elementor-type=\"wp-post\" data-elementor-id=\"1711\" class=\"elementor elementor-1711\" data-elementor-post-type=\"page\">\n\t\t\t\t\t\t<section data-particle_enable=\"false\" data-particle-mobile-disabled=\"false\" class=\"elementor-section elementor-top-section elementor-element elementor-element-c764b49 elementor-section-boxed elementor-section-height-default elementor-section-height-default\" data-id=\"c764b49\" data-element_type=\"section\">\n\t\t\t\t\t\t<div class=\"elementor-container elementor-column-gap-default\">\n\t\t\t\t\t<div class=\"elementor-column elementor-col-100 elementor-top-column elementor-element elementor-element-e3a94d2\" data-id=\"e3a94d2\" data-element_type=\"column\">\n\t\t\t<div class=\"elementor-widget-wrap elementor-element-populated\">\n\t\t\t\t\t\t<div class=\"elementor-element elementor-element-70aa879 elementor-grid-eael-col-4 elementor-grid-tablet-eael-col-2 elementor-grid-mobile-eael-col-1 elementor-widget elementor-widget-eael-post-grid\" data-id=\"70aa879\" data-element_type=\"widget\" data-settings=\"{&quot;eael_post_grid_columns&quot;:&quot;eael-col-4&quot;,&quot;eael_post_grid_columns_tablet&quot;:&quot;eael-col-2&quot;,&quot;eael_post_grid_columns_mobile&quot;:&quot;eael-col-1&quot;}\" data-widget_type=\"eael-post-grid.default\">\n\t\t\t\t<div class=\"elementor-widget-container\">\n\t\t\t\t\t<div id=\"eael-post-grid-70aa879\" class=\"eael-post-grid-container\">\n            <div class=\"eael-post-grid eael-post-appender eael-post-appender-70aa879 eael-post-grid-style-one\" data-layout-mode=\"masonry\"><article class=\"eael-grid-post eael-post-grid-column\" data-id=\"711\">\n        <div class=\"eael-grid-post-holder\">\n            <div class=\"eael-grid-post-holder-inner\"><div class=\"eael-entry-media\"><div class=\"eael-entry-overlay fade-in\"><i class=\"fas fa-long-arrow-alt-right\" aria-hidden=\"true\"><\/i><a href=\"https:\/\/skipass.alpedhuez.com\/hiver\/forfait-promo-samedi-weekend\/\"><\/a><\/div><div class=\"eael-entry-thumbnail \">\n                <img loading=\"lazy\" decoding=\"async\" width=\"300\" height=\"300\" src=\"https:\/\/skipass.alpedhuez.com\/hiver\/wp-content\/uploads\/sites\/12\/2019\/07\/offre-ski-samedi-300x300.png\" class=\"attachment-medium size-medium wp-image-54639\" alt=\"\" srcset=\"https:\/\/skipass.alpedhuez.com\/hiver\/wp-content\/uploads\/sites\/12\/2019\/07\/offre-ski-samedi-300x300.png 300w, https:\/\/skipass.alpedhuez.com\/hiver\/wp-content\/uploads\/sites\/12\/2019\/07\/offre-ski-samedi-150x150.png 150w, https:\/\/skipass.alpedhuez.com\/hiver\/wp-content\/uploads\/sites\/12\/2019\/07\/offre-ski-samedi.png 640w\" sizes=\"auto, (max-width: 300px) 100vw, 300px\" \/>\n            <\/div>\n        <\/div><div class=\"eael-entry-wrapper\"><header class=\"eael-entry-header\"><h2 class=\"eael-entry-title\"><a class=\"eael-grid-post-link\" href=\"https:\/\/skipass.alpedhuez.com\/hiver\/forfait-promo-samedi-weekend\/\" title=\"Offre ski samedi &amp; week-end\">Offre ski samedi &amp; week-end<\/a><\/h2><\/header><div class=\"eael-entry-content\">\n                        <div class=\"eael-grid-post-excerpt\"><p>R\u00e9servez avant jeudi minuit pour b\u00e9n\u00e9ficier du meilleur tarif :...<\/p><a href=\"https:\/\/skipass.alpedhuez.com\/hiver\/forfait-promo-samedi-weekend\/\" class=\"eael-post-elements-readmore-btn\">En savoir plus<\/a><\/div>\n                    <\/div><\/div><\/div>\n        <\/div>\n    <\/article><article class=\"eael-grid-post eael-post-grid-column\" data-id=\"1176\">\n        <div class=\"eael-grid-post-holder\">\n            <div class=\"eael-grid-post-holder-inner\"><div class=\"eael-entry-wrapper\"><header class=\"eael-entry-header\"><h2 class=\"eael-entry-title\"><a class=\"eael-grid-post-link\" href=\"https:\/\/skipass.alpedhuez.com\/hiver\/journee-xxl\/\" title=\"Ski de nuit sur le domaine\">Ski de nuit sur le domaine<\/a><\/h2><\/header><div class=\"eael-entry-content\">\n                        <div class=\"eael-grid-post-excerpt\"><p>Une exp\u00e9rience magique sous les \u00e9toiles Envie de prolonger le...<\/p><a href=\"https:\/\/skipass.alpedhuez.com\/hiver\/journee-xxl\/\" class=\"eael-post-elements-readmore-btn\">En savoir plus<\/a><\/div>\n                    <\/div><\/div><\/div>\n        <\/div>\n    <\/article><article class=\"eael-grid-post eael-post-grid-column\" data-id=\"878\">\n        <div class=\"eael-grid-post-holder\">\n            <div class=\"eael-grid-post-holder-inner\"><div class=\"eael-entry-wrapper\"><header class=\"eael-entry-header\"><h2 class=\"eael-entry-title\"><a class=\"eael-grid-post-link\" href=\"https:\/\/skipass.alpedhuez.com\/hiver\/luge-sous-le-dmc\/\" title=\"Piste de luge des Jeux\">Piste de luge des Jeux<\/a><\/h2><\/header><div class=\"eael-entry-content\">\n                        <div class=\"eael-grid-post-excerpt\"><p>Achat aux points de vente uniquement ! Sensations et fous...<\/p><a href=\"https:\/\/skipass.alpedhuez.com\/hiver\/luge-sous-le-dmc\/\" class=\"eael-post-elements-readmore-btn\">En savoir plus<\/a><\/div>\n                    <\/div><\/div><\/div>\n        <\/div>\n    <\/article><article class=\"eael-grid-post eael-post-grid-column\" data-id=\"870\">\n        <div class=\"eael-grid-post-holder\">\n            <div class=\"eael-grid-post-holder-inner\"><div class=\"eael-entry-media\"><div class=\"eael-entry-overlay fade-in\"><i class=\"fas fa-long-arrow-alt-right\" aria-hidden=\"true\"><\/i><a href=\"https:\/\/skipass.alpedhuez.com\/hiver\/ski-de-fond\/\"><\/a><\/div><div class=\"eael-entry-thumbnail \">\n                <img loading=\"lazy\" decoding=\"async\" width=\"300\" height=\"300\" src=\"https:\/\/skipass.alpedhuez.com\/hiver\/wp-content\/uploads\/sites\/12\/2026\/02\/ski-de-fond-300x300.png\" class=\"attachment-medium size-medium wp-image-53513\" alt=\"\" srcset=\"https:\/\/skipass.alpedhuez.com\/hiver\/wp-content\/uploads\/sites\/12\/2026\/02\/ski-de-fond-300x300.png 300w, https:\/\/skipass.alpedhuez.com\/hiver\/wp-content\/uploads\/sites\/12\/2026\/02\/ski-de-fond-150x150.png 150w, https:\/\/skipass.alpedhuez.com\/hiver\/wp-content\/uploads\/sites\/12\/2026\/02\/ski-de-fond.png 640w\" sizes=\"auto, (max-width: 300px) 100vw, 300px\" \/>\n            <\/div>\n        <\/div><div class=\"eael-entry-wrapper\"><header class=\"eael-entry-header\"><h2 class=\"eael-entry-title\"><a class=\"eael-grid-post-link\" href=\"https:\/\/skipass.alpedhuez.com\/hiver\/ski-de-fond\/\" title=\"Ski de fond Espace Alpe d&rsquo;Huez\">Ski de fond Espace Alpe d&rsquo;Huez<\/a><\/h2><\/header><div class=\"eael-entry-content\">\n                        <div class=\"eael-grid-post-excerpt\"><p>Un espace nordique pour d\u00e9couvrir la montagne autrement ! Le...<\/p><a href=\"https:\/\/skipass.alpedhuez.com\/hiver\/ski-de-fond\/\" class=\"eael-post-elements-readmore-btn\">En savoir plus<\/a><\/div>\n                    <\/div><\/div><\/div>\n        <\/div>\n    <\/article><article class=\"eael-grid-post eael-post-grid-column\" data-id=\"1813\">\n        <div class=\"eael-grid-post-holder\">\n            <div class=\"eael-grid-post-holder-inner\"><div class=\"eael-entry-media\"><div class=\"eael-entry-overlay fade-in\"><i class=\"fas fa-long-arrow-alt-right\" aria-hidden=\"true\"><\/i><a href=\"https:\/\/skipass.alpedhuez.com\/hiver\/ski-de-printemps\/\"><\/a><\/div><div class=\"eael-entry-thumbnail \">\n                <img loading=\"lazy\" decoding=\"async\" width=\"300\" height=\"300\" src=\"https:\/\/skipass.alpedhuez.com\/hiver\/wp-content\/uploads\/sites\/12\/2026\/02\/ski-de-printemps-300x300.png\" class=\"attachment-medium size-medium wp-image-53517\" alt=\"\" srcset=\"https:\/\/skipass.alpedhuez.com\/hiver\/wp-content\/uploads\/sites\/12\/2026\/02\/ski-de-printemps-300x300.png 300w, https:\/\/skipass.alpedhuez.com\/hiver\/wp-content\/uploads\/sites\/12\/2026\/02\/ski-de-printemps-150x150.png 150w, https:\/\/skipass.alpedhuez.com\/hiver\/wp-content\/uploads\/sites\/12\/2026\/02\/ski-de-printemps.png 640w\" sizes=\"auto, (max-width: 300px) 100vw, 300px\" \/>\n            <\/div>\n        <\/div><div class=\"eael-entry-wrapper\"><header class=\"eael-entry-header\"><h2 class=\"eael-entry-title\"><a class=\"eael-grid-post-link\" href=\"https:\/\/skipass.alpedhuez.com\/hiver\/ski-de-printemps\/\" title=\"Offre ski de printemps\">Offre ski de printemps<\/a><\/h2><\/header><div class=\"eael-entry-content\">\n                        <div class=\"eael-grid-post-excerpt\"><p>Commandez votre forfait ski de pour avril Du 4 au...<\/p><a href=\"https:\/\/skipass.alpedhuez.com\/hiver\/ski-de-printemps\/\" class=\"eael-post-elements-readmore-btn\">En savoir plus<\/a><\/div>\n                    <\/div><\/div><\/div>\n        <\/div>\n    <\/article><article class=\"eael-grid-post eael-post-grid-column\" data-id=\"17332\">\n        <div class=\"eael-grid-post-holder\">\n            <div class=\"eael-grid-post-holder-inner\"><div class=\"eael-entry-wrapper\"><header class=\"eael-entry-header\"><h2 class=\"eael-entry-title\"><a class=\"eael-grid-post-link\" href=\"https:\/\/skipass.alpedhuez.com\/hiver\/laser-game-evolution\/\" title=\"CSE Laser Game Evolution\">CSE Laser Game Evolution<\/a><\/h2><\/header><div class=\"eael-entry-content\">\n                        <div class=\"eael-grid-post-excerpt\"><p>1 forfait journ\u00e9e enfant 5-12ans OFFERT Profite de ton cadeau...<\/p><a href=\"https:\/\/skipass.alpedhuez.com\/hiver\/laser-game-evolution\/\" class=\"eael-post-elements-readmore-btn\">En savoir plus<\/a><\/div>\n                    <\/div><\/div><\/div>\n        <\/div>\n    <\/article><article class=\"eael-grid-post eael-post-grid-column\" data-id=\"9414\">\n        <div class=\"eael-grid-post-holder\">\n            <div class=\"eael-grid-post-holder-inner\"><div class=\"eael-entry-media\"><div class=\"eael-entry-overlay fade-in\"><i class=\"fas fa-long-arrow-alt-right\" aria-hidden=\"true\"><\/i><a href=\"https:\/\/skipass.alpedhuez.com\/hiver\/forfait-pieton-alpe-dhuez\/\"><\/a><\/div><div class=\"eael-entry-thumbnail \">\n                <img loading=\"lazy\" decoding=\"async\" width=\"300\" height=\"300\" src=\"https:\/\/skipass.alpedhuez.com\/hiver\/wp-content\/uploads\/sites\/12\/2026\/02\/pieton-journee-300x300.png\" class=\"attachment-medium size-medium wp-image-53524\" alt=\"\" srcset=\"https:\/\/skipass.alpedhuez.com\/hiver\/wp-content\/uploads\/sites\/12\/2026\/02\/pieton-journee-300x300.png 300w, https:\/\/skipass.alpedhuez.com\/hiver\/wp-content\/uploads\/sites\/12\/2026\/02\/pieton-journee-150x150.png 150w, https:\/\/skipass.alpedhuez.com\/hiver\/wp-content\/uploads\/sites\/12\/2026\/02\/pieton-journee.png 640w\" sizes=\"auto, (max-width: 300px) 100vw, 300px\" \/>\n            <\/div>\n        <\/div><div class=\"eael-entry-wrapper\"><header class=\"eael-entry-header\"><h2 class=\"eael-entry-title\"><a class=\"eael-grid-post-link\" href=\"https:\/\/skipass.alpedhuez.com\/hiver\/forfait-pieton-alpe-dhuez\/\" title=\"Forfait Pi\u00e9ton Alpe d&rsquo;Huez\">Forfait Pi\u00e9ton Alpe d&rsquo;Huez<\/a><\/h2><\/header><div class=\"eael-entry-content\">\n                        <div class=\"eael-grid-post-excerpt\"><p>Forfait pi\u00e9ton : balade sportive ou contemplative \u00c0 la journ\u00e9e...<\/p><a href=\"https:\/\/skipass.alpedhuez.com\/hiver\/forfait-pieton-alpe-dhuez\/\" class=\"eael-post-elements-readmore-btn\">En savoir plus<\/a><\/div>\n                    <\/div><\/div><\/div>\n        <\/div>\n    <\/article><article class=\"eael-grid-post eael-post-grid-column\" data-id=\"12885\">\n        <div class=\"eael-grid-post-holder\">\n            <div class=\"eael-grid-post-holder-inner\"><div class=\"eael-entry-media\"><div class=\"eael-entry-overlay fade-in\"><i class=\"fas fa-long-arrow-alt-right\" aria-hidden=\"true\"><\/i><a href=\"https:\/\/skipass.alpedhuez.com\/hiver\/ski-de-randonnee\/\"><\/a><\/div><div class=\"eael-entry-thumbnail \">\n                <img loading=\"lazy\" decoding=\"async\" width=\"300\" height=\"200\" src=\"https:\/\/skipass.alpedhuez.com\/hiver\/wp-content\/uploads\/sites\/12\/2021\/11\/l_salino_170323_skiRandoEsf_0090-min-300x200.jpg\" class=\"attachment-medium size-medium wp-image-12890\" alt=\"\" srcset=\"https:\/\/skipass.alpedhuez.com\/hiver\/wp-content\/uploads\/sites\/12\/2021\/11\/l_salino_170323_skiRandoEsf_0090-min-300x200.jpg 300w, https:\/\/skipass.alpedhuez.com\/hiver\/wp-content\/uploads\/sites\/12\/2021\/11\/l_salino_170323_skiRandoEsf_0090-min-1536x1024.jpg 1536w, https:\/\/skipass.alpedhuez.com\/hiver\/wp-content\/uploads\/sites\/12\/2021\/11\/l_salino_170323_skiRandoEsf_0090-min-2048x1365.jpg 2048w, https:\/\/skipass.alpedhuez.com\/hiver\/wp-content\/uploads\/sites\/12\/2021\/11\/l_salino_170323_skiRandoEsf_0090-min-768x512.jpg 768w, https:\/\/skipass.alpedhuez.com\/hiver\/wp-content\/uploads\/sites\/12\/2021\/11\/l_salino_170323_skiRandoEsf_0090-min-1024x683.jpg 1024w\" sizes=\"auto, (max-width: 300px) 100vw, 300px\" \/>\n            <\/div>\n        <\/div><div class=\"eael-entry-wrapper\"><header class=\"eael-entry-header\"><h2 class=\"eael-entry-title\"><a class=\"eael-grid-post-link\" href=\"https:\/\/skipass.alpedhuez.com\/hiver\/ski-de-randonnee\/\" title=\"Ski de randonn\u00e9e\">Ski de randonn\u00e9e<\/a><\/h2><\/header><div class=\"eael-entry-content\">\n                        <div class=\"eael-grid-post-excerpt\"><p>Le ski de randonn\u00e9e a le vent en poupe \u00e0...<\/p><a href=\"https:\/\/skipass.alpedhuez.com\/hiver\/ski-de-randonnee\/\" class=\"eael-post-elements-readmore-btn\">En savoir plus<\/a><\/div>\n                    <\/div><\/div><\/div>\n        <\/div>\n    <\/article><\/div>\n            <div class=\"clearfix\"><\/div>\n        <\/div>            <div class=\"eael-load-more-button-wrap eael-force-hide\">\n                <button class=\"eael-load-more-button\" id=\"eael-load-more-btn-70aa879\" data-widget-id=\"70aa879\" data-widget=\"70aa879\" data-page-id=\"1711\" data-template=\"{&quot;dir&quot;:&quot;lite&quot;,&quot;file_name&quot;:&quot;one.php&quot;,&quot;name&quot;:&quot;Post-Grid&quot;}\" data-class=\"Essential_Addons_Elementor\\Elements\\Post_Grid\" data-layout=\"masonry\" data-page=\"1\" data-args=\"orderby=modified&amp;order=desc&amp;ignore_sticky_posts=1&amp;post_status=publish&amp;posts_per_page=8&amp;offset=0&amp;post_type=post&amp;tax_query%5B0%5D%5Btaxonomy%5D=category&amp;tax_query%5B0%5D%5Bfield%5D=term_id&amp;tax_query%5B0%5D%5Bterms%5D%5B0%5D=16&amp;tax_query%5Brelation%5D=AND\" data-max-page=\"4\">\n                    <span class=\"eael-btn-loader button__loader\"><\/span>\n                    <span class=\"eael_load_more_text\">Load More<\/span>\n                <\/button>\n            <\/div>\n            \t\t\t\t<\/div>\n\t\t\t\t<\/div>\n\t\t\t\t\t<\/div>\n\t\t<\/div>\n\t\t\t\t\t<\/div>\n\t\t<\/section>\n\t\t\t\t<\/div>\n\t\t","protected":false},"excerpt":{"rendered":"<p>Ski de randonn\u00e9e Le ski de randonn\u00e9e a le vent en poupe \u00e0&#8230; En savoir plus Piste de luge des Jeux Achat aux points de vente uniquement ! Sensations et fous&#8230; En savoir plus Forfait journ\u00e9e et demi-journ\u00e9e Lib\u00e9rez vos envies de ski avec le forfait journ\u00e9e !&#8230; En savoir plus Ski de Fond Alpe [&hellip;]<\/p>\n","protected":false},"author":2,"featured_media":0,"parent":0,"menu_order":0,"comment_status":"closed","ping_status":"closed","template":"","meta":{"footnotes":"","_links_to":"","_links_to_target":""},"class_list":["post-1711","page","type-page","status-publish","hentry"],"yoast_head":"<!-- This site is optimized with the Yoast SEO plugin v25.2 - https:\/\/yoast.com\/wordpress\/plugins\/seo\/ -->\n<title>Liste forfaits - Alpe d&#039;Huez - Site Officiel - Hiver<\/title>\n<meta name=\"robots\" content=\"index, follow, max-snippet:-1, max-image-preview:large, max-video-preview:-1\" \/>\n<link rel=\"canonical\" href=\"https:\/\/skipass.alpedhuez.com\/hiver\/liste-forfaits\/\" \/>\n<meta property=\"og:locale\" content=\"fr_FR\" \/>\n<meta property=\"og:type\" content=\"article\" \/>\n<meta property=\"og:title\" content=\"Liste forfaits - Alpe d&#039;Huez - Site Officiel - Hiver\" \/>\n<meta property=\"og:description\" content=\"Ski de randonn\u00e9e Le ski de randonn\u00e9e a le vent en poupe \u00e0&#8230; En savoir plus Piste de luge des Jeux Achat aux points de vente uniquement ! Sensations et fous&#8230; En savoir plus Forfait journ\u00e9e et demi-journ\u00e9e Lib\u00e9rez vos envies de ski avec le forfait journ\u00e9e !&#8230; En savoir plus Ski de Fond Alpe [&hellip;]\" \/>\n<meta property=\"og:url\" content=\"https:\/\/skipass.alpedhuez.com\/hiver\/liste-forfaits\/\" \/>\n<meta property=\"og:site_name\" content=\"Alpe d&#039;Huez - Site Officiel - Hiver\" \/>\n<meta property=\"article:publisher\" content=\"https:\/\/www.facebook.com\/alpe.huez\/\" \/>\n<meta property=\"article:modified_time\" content=\"2025-01-07T10:58:45+00:00\" \/>\n<meta property=\"og:image\" content=\"https:\/\/skipass.alpedhuez.com\/hiver\/wp-content\/uploads\/sites\/12\/2019\/08\/snowpark.jpg\" \/>\n\t<meta property=\"og:image:width\" content=\"954\" \/>\n\t<meta property=\"og:image:height\" content=\"500\" \/>\n\t<meta property=\"og:image:type\" content=\"image\/jpeg\" \/>\n<meta name=\"twitter:card\" content=\"summary_large_image\" \/>\n<meta name=\"twitter:site\" content=\"@alpedhuez\" \/>\n<meta name=\"twitter:label1\" content=\"Dur\u00e9e de lecture estim\u00e9e\" \/>\n\t<meta name=\"twitter:data1\" content=\"3 minutes\" \/>\n<script type=\"application\/ld+json\" class=\"yoast-schema-graph\">{\"@context\":\"https:\/\/schema.org\",\"@graph\":[{\"@type\":\"WebPage\",\"@id\":\"https:\/\/skipass.alpedhuez.com\/hiver\/liste-forfaits\/\",\"url\":\"https:\/\/skipass.alpedhuez.com\/hiver\/liste-forfaits\/\",\"name\":\"Liste forfaits - Alpe d&#039;Huez - Site Officiel - Hiver\",\"isPartOf\":{\"@id\":\"https:\/\/skipass.alpedhuez.com\/hiver\/#website\"},\"primaryImageOfPage\":{\"@id\":\"https:\/\/skipass.alpedhuez.com\/hiver\/liste-forfaits\/#primaryimage\"},\"image\":{\"@id\":\"https:\/\/skipass.alpedhuez.com\/hiver\/liste-forfaits\/#primaryimage\"},\"thumbnailUrl\":\"https:\/\/skipass.alpedhuez.com\/hiver\/wp-content\/uploads\/sites\/12\/2019\/08\/snowpark-300x157.jpg\",\"datePublished\":\"2019-08-08T09:51:50+00:00\",\"dateModified\":\"2025-01-07T10:58:45+00:00\",\"breadcrumb\":{\"@id\":\"https:\/\/skipass.alpedhuez.com\/hiver\/liste-forfaits\/#breadcrumb\"},\"inLanguage\":\"fr-FR\",\"potentialAction\":[{\"@type\":\"ReadAction\",\"target\":[\"https:\/\/skipass.alpedhuez.com\/hiver\/liste-forfaits\/\"]}]},{\"@type\":\"ImageObject\",\"inLanguage\":\"fr-FR\",\"@id\":\"https:\/\/skipass.alpedhuez.com\/hiver\/liste-forfaits\/#primaryimage\",\"url\":\"https:\/\/skipass.alpedhuez.com\/hiver\/wp-content\/uploads\/sites\/12\/2019\/08\/snowpark.jpg\",\"contentUrl\":\"https:\/\/skipass.alpedhuez.com\/hiver\/wp-content\/uploads\/sites\/12\/2019\/08\/snowpark.jpg\",\"width\":954,\"height\":500,\"caption\":\"DCIM100GOPROG0011157.JPG\"},{\"@type\":\"BreadcrumbList\",\"@id\":\"https:\/\/skipass.alpedhuez.com\/hiver\/liste-forfaits\/#breadcrumb\",\"itemListElement\":[{\"@type\":\"ListItem\",\"position\":1,\"name\":\"Alpe d'Huez Domaine Skiable\",\"item\":\"https:\/\/skipass.alpedhuez.com\/hiver\/\"},{\"@type\":\"ListItem\",\"position\":2,\"name\":\"Liste forfaits\"}]},{\"@type\":\"WebSite\",\"@id\":\"https:\/\/skipass.alpedhuez.com\/hiver\/#website\",\"url\":\"https:\/\/skipass.alpedhuez.com\/hiver\/\",\"name\":\"Alpe d'Huez - Site Officiel - Hiver\",\"description\":\"Alpe d&#039;Huez - Site Officiel\",\"publisher\":{\"@id\":\"https:\/\/skipass.alpedhuez.com\/hiver\/#organization\"},\"potentialAction\":[{\"@type\":\"SearchAction\",\"target\":{\"@type\":\"EntryPoint\",\"urlTemplate\":\"https:\/\/skipass.alpedhuez.com\/hiver\/?s={search_term_string}\"},\"query-input\":{\"@type\":\"PropertyValueSpecification\",\"valueRequired\":true,\"valueName\":\"search_term_string\"}}],\"inLanguage\":\"fr-FR\"},{\"@type\":\"Organization\",\"@id\":\"https:\/\/skipass.alpedhuez.com\/hiver\/#organization\",\"name\":\"Alpe d'Huez - Site Officiel - Hiver\",\"url\":\"https:\/\/skipass.alpedhuez.com\/hiver\/\",\"logo\":{\"@type\":\"ImageObject\",\"inLanguage\":\"fr-FR\",\"@id\":\"https:\/\/skipass.alpedhuez.com\/hiver\/#\/schema\/logo\/image\/\",\"url\":\"https:\/\/skipass.alpedhuez.com\/hiver\/wp-content\/uploads\/sites\/12\/2021\/02\/logoalpedhuezdomaineskiable.svg\",\"contentUrl\":\"https:\/\/skipass.alpedhuez.com\/hiver\/wp-content\/uploads\/sites\/12\/2021\/02\/logoalpedhuezdomaineskiable.svg\",\"width\":1,\"height\":1,\"caption\":\"Alpe d'Huez - Site Officiel - Hiver\"},\"image\":{\"@id\":\"https:\/\/skipass.alpedhuez.com\/hiver\/#\/schema\/logo\/image\/\"},\"sameAs\":[\"https:\/\/www.facebook.com\/alpe.huez\/\",\"https:\/\/x.com\/alpedhuez\",\"https:\/\/www.instagram.com\/alpedhuez\/\",\"https:\/\/www.youtube.com\/@ALPEDHUEZOfficiel\/\"]}]}<\/script>\n<!-- \/ Yoast SEO plugin. -->","yoast_head_json":{"title":"Liste forfaits - Alpe d&#039;Huez - Site Officiel - Hiver","robots":{"index":"index","follow":"follow","max-snippet":"max-snippet:-1","max-image-preview":"max-image-preview:large","max-video-preview":"max-video-preview:-1"},"canonical":"https:\/\/skipass.alpedhuez.com\/hiver\/liste-forfaits\/","og_locale":"fr_FR","og_type":"article","og_title":"Liste forfaits - Alpe d&#039;Huez - Site Officiel - Hiver","og_description":"Ski de randonn\u00e9e Le ski de randonn\u00e9e a le vent en poupe \u00e0&#8230; En savoir plus Piste de luge des Jeux Achat aux points de vente uniquement ! Sensations et fous&#8230; En savoir plus Forfait journ\u00e9e et demi-journ\u00e9e Lib\u00e9rez vos envies de ski avec le forfait journ\u00e9e !&#8230; En savoir plus Ski de Fond Alpe [&hellip;]","og_url":"https:\/\/skipass.alpedhuez.com\/hiver\/liste-forfaits\/","og_site_name":"Alpe d&#039;Huez - Site Officiel - Hiver","article_publisher":"https:\/\/www.facebook.com\/alpe.huez\/","article_modified_time":"2025-01-07T10:58:45+00:00","og_image":[{"width":954,"height":500,"url":"https:\/\/skipass.alpedhuez.com\/hiver\/wp-content\/uploads\/sites\/12\/2019\/08\/snowpark.jpg","type":"image\/jpeg"}],"twitter_card":"summary_large_image","twitter_site":"@alpedhuez","twitter_misc":{"Dur\u00e9e de lecture estim\u00e9e":"3 minutes"},"schema":{"@context":"https:\/\/schema.org","@graph":[{"@type":"WebPage","@id":"https:\/\/skipass.alpedhuez.com\/hiver\/liste-forfaits\/","url":"https:\/\/skipass.alpedhuez.com\/hiver\/liste-forfaits\/","name":"Liste forfaits - Alpe d&#039;Huez - Site Officiel - Hiver","isPartOf":{"@id":"https:\/\/skipass.alpedhuez.com\/hiver\/#website"},"primaryImageOfPage":{"@id":"https:\/\/skipass.alpedhuez.com\/hiver\/liste-forfaits\/#primaryimage"},"image":{"@id":"https:\/\/skipass.alpedhuez.com\/hiver\/liste-forfaits\/#primaryimage"},"thumbnailUrl":"https:\/\/skipass.alpedhuez.com\/hiver\/wp-content\/uploads\/sites\/12\/2019\/08\/snowpark-300x157.jpg","datePublished":"2019-08-08T09:51:50+00:00","dateModified":"2025-01-07T10:58:45+00:00","breadcrumb":{"@id":"https:\/\/skipass.alpedhuez.com\/hiver\/liste-forfaits\/#breadcrumb"},"inLanguage":"fr-FR","potentialAction":[{"@type":"ReadAction","target":["https:\/\/skipass.alpedhuez.com\/hiver\/liste-forfaits\/"]}]},{"@type":"ImageObject","inLanguage":"fr-FR","@id":"https:\/\/skipass.alpedhuez.com\/hiver\/liste-forfaits\/#primaryimage","url":"https:\/\/skipass.alpedhuez.com\/hiver\/wp-content\/uploads\/sites\/12\/2019\/08\/snowpark.jpg","contentUrl":"https:\/\/skipass.alpedhuez.com\/hiver\/wp-content\/uploads\/sites\/12\/2019\/08\/snowpark.jpg","width":954,"height":500,"caption":"DCIM100GOPROG0011157.JPG"},{"@type":"BreadcrumbList","@id":"https:\/\/skipass.alpedhuez.com\/hiver\/liste-forfaits\/#breadcrumb","itemListElement":[{"@type":"ListItem","position":1,"name":"Alpe d'Huez Domaine Skiable","item":"https:\/\/skipass.alpedhuez.com\/hiver\/"},{"@type":"ListItem","position":2,"name":"Liste forfaits"}]},{"@type":"WebSite","@id":"https:\/\/skipass.alpedhuez.com\/hiver\/#website","url":"https:\/\/skipass.alpedhuez.com\/hiver\/","name":"Alpe d'Huez - Site Officiel - Hiver","description":"Alpe d&#039;Huez - Site Officiel","publisher":{"@id":"https:\/\/skipass.alpedhuez.com\/hiver\/#organization"},"potentialAction":[{"@type":"SearchAction","target":{"@type":"EntryPoint","urlTemplate":"https:\/\/skipass.alpedhuez.com\/hiver\/?s={search_term_string}"},"query-input":{"@type":"PropertyValueSpecification","valueRequired":true,"valueName":"search_term_string"}}],"inLanguage":"fr-FR"},{"@type":"Organization","@id":"https:\/\/skipass.alpedhuez.com\/hiver\/#organization","name":"Alpe d'Huez - Site Officiel - Hiver","url":"https:\/\/skipass.alpedhuez.com\/hiver\/","logo":{"@type":"ImageObject","inLanguage":"fr-FR","@id":"https:\/\/skipass.alpedhuez.com\/hiver\/#\/schema\/logo\/image\/","url":"https:\/\/skipass.alpedhuez.com\/hiver\/wp-content\/uploads\/sites\/12\/2021\/02\/logoalpedhuezdomaineskiable.svg","contentUrl":"https:\/\/skipass.alpedhuez.com\/hiver\/wp-content\/uploads\/sites\/12\/2021\/02\/logoalpedhuezdomaineskiable.svg","width":1,"height":1,"caption":"Alpe d'Huez - Site Officiel - Hiver"},"image":{"@id":"https:\/\/skipass.alpedhuez.com\/hiver\/#\/schema\/logo\/image\/"},"sameAs":["https:\/\/www.facebook.com\/alpe.huez\/","https:\/\/x.com\/alpedhuez","https:\/\/www.instagram.com\/alpedhuez\/","https:\/\/www.youtube.com\/@ALPEDHUEZOfficiel\/"]}]}},"publishpress_future_action":{"enabled":false,"date":"2026-04-24 02:53:18","action":"category-add","newStatus":"draft","terms":[],"taxonomy":"language"},"publishpress_future_workflow_manual_trigger":{"enabledWorkflows":[]},"_links":{"self":[{"href":"https:\/\/skipass.alpedhuez.com\/hiver\/wp-json\/wp\/v2\/pages\/1711","targetHints":{"allow":["GET"]}}],"collection":[{"href":"https:\/\/skipass.alpedhuez.com\/hiver\/wp-json\/wp\/v2\/pages"}],"about":[{"href":"https:\/\/skipass.alpedhuez.com\/hiver\/wp-json\/wp\/v2\/types\/page"}],"author":[{"embeddable":true,"href":"https:\/\/skipass.alpedhuez.com\/hiver\/wp-json\/wp\/v2\/users\/2"}],"replies":[{"embeddable":true,"href":"https:\/\/skipass.alpedhuez.com\/hiver\/wp-json\/wp\/v2\/comments?post=1711"}],"version-history":[{"count":9,"href":"https:\/\/skipass.alpedhuez.com\/hiver\/wp-json\/wp\/v2\/pages\/1711\/revisions"}],"predecessor-version":[{"id":37841,"href":"https:\/\/skipass.alpedhuez.com\/hiver\/wp-json\/wp\/v2\/pages\/1711\/revisions\/37841"}],"wp:attachment":[{"href":"https:\/\/skipass.alpedhuez.com\/hiver\/wp-json\/wp\/v2\/media?parent=1711"}],"curies":[{"name":"wp","href":"https:\/\/api.w.org\/{rel}","templated":true}]}}