{"id":3197,"date":"2019-10-21T15:03:03","date_gmt":"2019-10-21T13:03:03","guid":{"rendered":"http:\/\/skipass.alpedhuez.com\/?page_id=3197"},"modified":"2025-01-13T15:25:50","modified_gmt":"2025-01-13T14:25:50","slug":"newsletter-2","status":"publish","type":"page","link":"https:\/\/skipass.alpedhuez.com\/hiver\/en\/newsletter-2\/","title":{"rendered":"Newsletter"},"content":{"rendered":"\t\t<div data-elementor-type=\"wp-post\" data-elementor-id=\"3197\" class=\"elementor elementor-3197\" data-elementor-post-type=\"page\">\n\t\t\t\t\t\t<section data-particle_enable=\"false\" data-particle-mobile-disabled=\"false\" class=\"elementor-section elementor-top-section elementor-element elementor-element-68058f2 elementor-section-boxed elementor-section-height-default elementor-section-height-default\" data-id=\"68058f2\" data-element_type=\"section\">\n\t\t\t\t\t\t<div class=\"elementor-container elementor-column-gap-default\">\n\t\t\t\t\t<div class=\"elementor-column elementor-col-100 elementor-top-column elementor-element elementor-element-a7f5eca\" data-id=\"a7f5eca\" data-element_type=\"column\">\n\t\t\t<div class=\"elementor-widget-wrap elementor-element-populated\">\n\t\t\t\t\t\t<div class=\"elementor-element elementor-element-92cec92 elementor-widget elementor-widget-html\" data-id=\"92cec92\" data-element_type=\"widget\" data-widget_type=\"html.default\">\n\t\t\t\t<div class=\"elementor-widget-container\">\n\t\t\t\t\t<iframe loading=\"lazy\" src=\"https:\/\/analytics-eu.clickdimensions.com\/jbconceptfr-abguh\/pages\/g4bbqrepee46qanoubtpa.html\" allowtransparency=\"true\" width=\"100%\" height=\"504px\" type=\"text\/html\" frameborder=\"0\" style=\"border:0\"><\/iframe>\t\t\t\t<\/div>\n\t\t\t\t<\/div>\n\t\t\t\t<div class=\"elementor-element elementor-element-1ba8869 elementor-widget elementor-widget-text-editor\" data-id=\"1ba8869\" data-element_type=\"widget\" data-widget_type=\"text-editor.default\">\n\t\t\t\t<div class=\"elementor-widget-container\">\n\t\t\t\t\t\t\t\t\t<p>En indiquant votre adresse mail ci-dessous, vous consentez \u00e0 recevoir des informations de la part de l\u2019Alpe d\u2019huez domaine skiable par voie \u00e9lectronique. Vous pouvez vous d\u00e9sinscrire \u00e0 tout moment \u00e0 travers les liens de d\u00e9sinscription.<\/p>\t\t\t\t\t\t\t\t<\/div>\n\t\t\t\t<\/div>\n\t\t\t\t\t<\/div>\n\t\t<\/div>\n\t\t\t\t\t<\/div>\n\t\t<\/section>\n\t\t\t\t<\/div>\n\t\t","protected":false},"excerpt":{"rendered":"<p>En indiquant votre adresse mail ci-dessous, vous consentez \u00e0 recevoir des informations de la part de l\u2019Alpe d\u2019huez domaine skiable par voie \u00e9lectronique. Vous pouvez vous d\u00e9sinscrire \u00e0 tout moment \u00e0 travers les liens de d\u00e9sinscription.<\/p>\n","protected":false},"author":2,"featured_media":0,"parent":0,"menu_order":0,"comment_status":"closed","ping_status":"closed","template":"","meta":{"footnotes":"","_links_to":"","_links_to_target":""},"class_list":["post-3197","page","type-page","status-publish","hentry"],"yoast_head":"<!-- This site is optimized with the Yoast SEO plugin v25.2 - https:\/\/yoast.com\/wordpress\/plugins\/seo\/ -->\n<title>Newsletter - Alpe d&#039;Huez - Site Officiel - Hiver<\/title>\n<meta name=\"robots\" content=\"noindex, nofollow\" \/>\n<meta property=\"og:locale\" content=\"fr_FR\" \/>\n<meta property=\"og:type\" content=\"article\" \/>\n<meta property=\"og:title\" content=\"Newsletter - Alpe d&#039;Huez - Site Officiel - Hiver\" \/>\n<meta property=\"og:description\" content=\"En indiquant votre adresse mail ci-dessous, vous consentez \u00e0 recevoir des informations de la part de l\u2019Alpe d\u2019huez domaine skiable par voie \u00e9lectronique. Vous pouvez vous d\u00e9sinscrire \u00e0 tout moment \u00e0 travers les liens de d\u00e9sinscription.\" \/>\n<meta property=\"og:url\" content=\"https:\/\/skipass.alpedhuez.com\/hiver\/en\/newsletter-2\/\" \/>\n<meta property=\"og:site_name\" content=\"Alpe d&#039;Huez - Site Officiel - Hiver\" \/>\n<meta property=\"article:publisher\" content=\"https:\/\/www.facebook.com\/alpe.huez\/\" \/>\n<meta property=\"article:modified_time\" content=\"2025-01-13T14:25:50+00:00\" \/>\n<meta property=\"og:image\" content=\"https:\/\/skipass.alpedhuez.com\/hiver\/wp-content\/uploads\/sites\/12\/2021\/04\/alpehuez.png\" \/>\n\t<meta property=\"og:image:width\" content=\"80\" \/>\n\t<meta property=\"og:image:height\" content=\"80\" \/>\n\t<meta property=\"og:image:type\" content=\"image\/png\" \/>\n<meta name=\"twitter:card\" content=\"summary_large_image\" \/>\n<meta name=\"twitter:site\" content=\"@alpedhuez\" \/>\n<meta name=\"twitter:label1\" content=\"Dur\u00e9e de lecture estim\u00e9e\" \/>\n\t<meta name=\"twitter:data1\" content=\"1 minute\" \/>\n<script type=\"application\/ld+json\" class=\"yoast-schema-graph\">{\"@context\":\"https:\/\/schema.org\",\"@graph\":[{\"@type\":\"WebPage\",\"@id\":\"https:\/\/skipass.alpedhuez.com\/hiver\/en\/newsletter-2\/\",\"url\":\"https:\/\/skipass.alpedhuez.com\/hiver\/en\/newsletter-2\/\",\"name\":\"Newsletter - Alpe d&#039;Huez - Site Officiel - Hiver\",\"isPartOf\":{\"@id\":\"https:\/\/skipass.alpedhuez.com\/hiver\/#website\"},\"datePublished\":\"2019-10-21T13:03:03+00:00\",\"dateModified\":\"2025-01-13T14:25:50+00:00\",\"breadcrumb\":{\"@id\":\"https:\/\/skipass.alpedhuez.com\/hiver\/en\/newsletter-2\/#breadcrumb\"},\"inLanguage\":\"fr-FR\",\"potentialAction\":[{\"@type\":\"ReadAction\",\"target\":[\"https:\/\/skipass.alpedhuez.com\/hiver\/en\/newsletter-2\/\"]}]},{\"@type\":\"BreadcrumbList\",\"@id\":\"https:\/\/skipass.alpedhuez.com\/hiver\/en\/newsletter-2\/#breadcrumb\",\"itemListElement\":[{\"@type\":\"ListItem\",\"position\":1,\"name\":\"Alpe d'Huez Domaine Skiable\",\"item\":\"https:\/\/skipass.alpedhuez.com\/hiver\/\"},{\"@type\":\"ListItem\",\"position\":2,\"name\":\"Newsletter\"}]},{\"@type\":\"WebSite\",\"@id\":\"https:\/\/skipass.alpedhuez.com\/hiver\/#website\",\"url\":\"https:\/\/skipass.alpedhuez.com\/hiver\/\",\"name\":\"Alpe d'Huez - Site Officiel - Hiver\",\"description\":\"Alpe d&#039;Huez - Site Officiel\",\"publisher\":{\"@id\":\"https:\/\/skipass.alpedhuez.com\/hiver\/#organization\"},\"potentialAction\":[{\"@type\":\"SearchAction\",\"target\":{\"@type\":\"EntryPoint\",\"urlTemplate\":\"https:\/\/skipass.alpedhuez.com\/hiver\/?s={search_term_string}\"},\"query-input\":{\"@type\":\"PropertyValueSpecification\",\"valueRequired\":true,\"valueName\":\"search_term_string\"}}],\"inLanguage\":\"fr-FR\"},{\"@type\":\"Organization\",\"@id\":\"https:\/\/skipass.alpedhuez.com\/hiver\/#organization\",\"name\":\"Alpe d'Huez - Site Officiel - Hiver\",\"url\":\"https:\/\/skipass.alpedhuez.com\/hiver\/\",\"logo\":{\"@type\":\"ImageObject\",\"inLanguage\":\"fr-FR\",\"@id\":\"https:\/\/skipass.alpedhuez.com\/hiver\/#\/schema\/logo\/image\/\",\"url\":\"https:\/\/skipass.alpedhuez.com\/hiver\/wp-content\/uploads\/sites\/12\/2021\/02\/logoalpedhuezdomaineskiable.svg\",\"contentUrl\":\"https:\/\/skipass.alpedhuez.com\/hiver\/wp-content\/uploads\/sites\/12\/2021\/02\/logoalpedhuezdomaineskiable.svg\",\"width\":1,\"height\":1,\"caption\":\"Alpe d'Huez - Site Officiel - Hiver\"},\"image\":{\"@id\":\"https:\/\/skipass.alpedhuez.com\/hiver\/#\/schema\/logo\/image\/\"},\"sameAs\":[\"https:\/\/www.facebook.com\/alpe.huez\/\",\"https:\/\/x.com\/alpedhuez\",\"https:\/\/www.instagram.com\/alpedhuez\/\",\"https:\/\/www.youtube.com\/@ALPEDHUEZOfficiel\/\"]}]}<\/script>\n<!-- \/ Yoast SEO plugin. -->","yoast_head_json":{"title":"Newsletter - Alpe d&#039;Huez - Site Officiel - Hiver","robots":{"index":"noindex","follow":"nofollow"},"og_locale":"fr_FR","og_type":"article","og_title":"Newsletter - Alpe d&#039;Huez - Site Officiel - Hiver","og_description":"En indiquant votre adresse mail ci-dessous, vous consentez \u00e0 recevoir des informations de la part de l\u2019Alpe d\u2019huez domaine skiable par voie \u00e9lectronique. Vous pouvez vous d\u00e9sinscrire \u00e0 tout moment \u00e0 travers les liens de d\u00e9sinscription.","og_url":"https:\/\/skipass.alpedhuez.com\/hiver\/en\/newsletter-2\/","og_site_name":"Alpe d&#039;Huez - Site Officiel - Hiver","article_publisher":"https:\/\/www.facebook.com\/alpe.huez\/","article_modified_time":"2025-01-13T14:25:50+00:00","og_image":[{"width":80,"height":80,"url":"https:\/\/skipass.alpedhuez.com\/hiver\/wp-content\/uploads\/sites\/12\/2021\/04\/alpehuez.png","type":"image\/png"}],"twitter_card":"summary_large_image","twitter_site":"@alpedhuez","twitter_misc":{"Dur\u00e9e de lecture estim\u00e9e":"1 minute"},"schema":{"@context":"https:\/\/schema.org","@graph":[{"@type":"WebPage","@id":"https:\/\/skipass.alpedhuez.com\/hiver\/en\/newsletter-2\/","url":"https:\/\/skipass.alpedhuez.com\/hiver\/en\/newsletter-2\/","name":"Newsletter - Alpe d&#039;Huez - Site Officiel - Hiver","isPartOf":{"@id":"https:\/\/skipass.alpedhuez.com\/hiver\/#website"},"datePublished":"2019-10-21T13:03:03+00:00","dateModified":"2025-01-13T14:25:50+00:00","breadcrumb":{"@id":"https:\/\/skipass.alpedhuez.com\/hiver\/en\/newsletter-2\/#breadcrumb"},"inLanguage":"fr-FR","potentialAction":[{"@type":"ReadAction","target":["https:\/\/skipass.alpedhuez.com\/hiver\/en\/newsletter-2\/"]}]},{"@type":"BreadcrumbList","@id":"https:\/\/skipass.alpedhuez.com\/hiver\/en\/newsletter-2\/#breadcrumb","itemListElement":[{"@type":"ListItem","position":1,"name":"Alpe d'Huez Domaine Skiable","item":"https:\/\/skipass.alpedhuez.com\/hiver\/"},{"@type":"ListItem","position":2,"name":"Newsletter"}]},{"@type":"WebSite","@id":"https:\/\/skipass.alpedhuez.com\/hiver\/#website","url":"https:\/\/skipass.alpedhuez.com\/hiver\/","name":"Alpe d'Huez - Site Officiel - Hiver","description":"Alpe d&#039;Huez - Site Officiel","publisher":{"@id":"https:\/\/skipass.alpedhuez.com\/hiver\/#organization"},"potentialAction":[{"@type":"SearchAction","target":{"@type":"EntryPoint","urlTemplate":"https:\/\/skipass.alpedhuez.com\/hiver\/?s={search_term_string}"},"query-input":{"@type":"PropertyValueSpecification","valueRequired":true,"valueName":"search_term_string"}}],"inLanguage":"fr-FR"},{"@type":"Organization","@id":"https:\/\/skipass.alpedhuez.com\/hiver\/#organization","name":"Alpe d'Huez - Site Officiel - Hiver","url":"https:\/\/skipass.alpedhuez.com\/hiver\/","logo":{"@type":"ImageObject","inLanguage":"fr-FR","@id":"https:\/\/skipass.alpedhuez.com\/hiver\/#\/schema\/logo\/image\/","url":"https:\/\/skipass.alpedhuez.com\/hiver\/wp-content\/uploads\/sites\/12\/2021\/02\/logoalpedhuezdomaineskiable.svg","contentUrl":"https:\/\/skipass.alpedhuez.com\/hiver\/wp-content\/uploads\/sites\/12\/2021\/02\/logoalpedhuezdomaineskiable.svg","width":1,"height":1,"caption":"Alpe d'Huez - Site Officiel - Hiver"},"image":{"@id":"https:\/\/skipass.alpedhuez.com\/hiver\/#\/schema\/logo\/image\/"},"sameAs":["https:\/\/www.facebook.com\/alpe.huez\/","https:\/\/x.com\/alpedhuez","https:\/\/www.instagram.com\/alpedhuez\/","https:\/\/www.youtube.com\/@ALPEDHUEZOfficiel\/"]}]}},"publishpress_future_action":{"enabled":false,"date":"2026-04-24 05:46:59","action":"category-add","newStatus":"draft","terms":[],"taxonomy":"language"},"publishpress_future_workflow_manual_trigger":{"enabledWorkflows":[]},"_links":{"self":[{"href":"https:\/\/skipass.alpedhuez.com\/hiver\/wp-json\/wp\/v2\/pages\/3197","targetHints":{"allow":["GET"]}}],"collection":[{"href":"https:\/\/skipass.alpedhuez.com\/hiver\/wp-json\/wp\/v2\/pages"}],"about":[{"href":"https:\/\/skipass.alpedhuez.com\/hiver\/wp-json\/wp\/v2\/types\/page"}],"author":[{"embeddable":true,"href":"https:\/\/skipass.alpedhuez.com\/hiver\/wp-json\/wp\/v2\/users\/2"}],"replies":[{"embeddable":true,"href":"https:\/\/skipass.alpedhuez.com\/hiver\/wp-json\/wp\/v2\/comments?post=3197"}],"version-history":[{"count":21,"href":"https:\/\/skipass.alpedhuez.com\/hiver\/wp-json\/wp\/v2\/pages\/3197\/revisions"}],"predecessor-version":[{"id":38390,"href":"https:\/\/skipass.alpedhuez.com\/hiver\/wp-json\/wp\/v2\/pages\/3197\/revisions\/38390"}],"wp:attachment":[{"href":"https:\/\/skipass.alpedhuez.com\/hiver\/wp-json\/wp\/v2\/media?parent=3197"}],"curies":[{"name":"wp","href":"https:\/\/api.w.org\/{rel}","templated":true}]}}