{"id":4591,"date":"2020-01-20T11:21:40","date_gmt":"2020-01-20T10:21:40","guid":{"rendered":"https:\/\/skipass.alpedhuez.com\/hiver\/?page_id=4591"},"modified":"2025-11-19T15:55:54","modified_gmt":"2025-11-19T14:55:54","slug":"navettes-depuis-geneve","status":"publish","type":"page","link":"https:\/\/skipass.alpedhuez.com\/hiver\/navettes-depuis-geneve\/","title":{"rendered":"Navettes Gen\u00e8ve &#8211; Alpe d&rsquo;Huez"},"content":{"rendered":"\t\t<div data-elementor-type=\"wp-page\" data-elementor-id=\"4591\" class=\"elementor elementor-4591\" data-elementor-post-type=\"page\">\n\t\t\t\t\t\t<section data-particle_enable=\"false\" data-particle-mobile-disabled=\"false\" class=\"elementor-section elementor-top-section elementor-element elementor-element-dd9a376 elementor-section-boxed elementor-section-height-default elementor-section-height-default\" data-id=\"dd9a376\" data-element_type=\"section\">\n\t\t\t\t\t\t<div class=\"elementor-container elementor-column-gap-default\">\n\t\t\t\t\t<div class=\"elementor-column elementor-col-100 elementor-top-column elementor-element elementor-element-b381ce2\" data-id=\"b381ce2\" data-element_type=\"column\">\n\t\t\t<div class=\"elementor-widget-wrap elementor-element-populated\">\n\t\t\t\t\t\t<div class=\"elementor-element elementor-element-0a248de elementor-widget elementor-widget-heading\" data-id=\"0a248de\" data-element_type=\"widget\" data-widget_type=\"heading.default\">\n\t\t\t\t<div class=\"elementor-widget-container\">\n\t\t\t\t\t<h2 class=\"elementor-heading-title elementor-size-default\">Ligne direct Gen\u00e8ve - Alpe d'Huez<\/h2>\t\t\t\t<\/div>\n\t\t\t\t<\/div>\n\t\t\t\t<div class=\"elementor-element elementor-element-8152ff9 elementor-widget elementor-widget-text-editor\" data-id=\"8152ff9\" data-element_type=\"widget\" data-widget_type=\"text-editor.default\">\n\t\t\t\t<div class=\"elementor-widget-container\">\n\t\t\t\t\t\t\t\t\t<p data-start=\"37\" data-end=\"99\"><strong data-start=\"37\" data-end=\"99\">Ce service est indisponible pour la saison hiver 2025\/2026<\/strong><\/p><p data-start=\"101\" data-end=\"302\">La ligne directe entre <strong data-start=\"124\" data-end=\"165\">l\u2019a\u00e9roport de Gen\u00e8ve et l\u2019Alpe d\u2019Huez<\/strong> ne sera <strong data-start=\"174\" data-end=\"196\">pas op\u00e9rationnelle<\/strong> cette saison.<br data-start=\"210\" data-end=\"213\" \/>Nous vous invitons \u00e0 consulter les autres options de transport pour rejoindre la station.<\/p><p data-start=\"304\" data-end=\"333\">Merci de votre compr\u00e9hension.<\/p>\t\t\t\t\t\t\t\t<\/div>\n\t\t\t\t<\/div>\n\t\t\t\t<div class=\"elementor-element elementor-element-f5d0b12 elementor-widget elementor-widget-spacer\" data-id=\"f5d0b12\" data-element_type=\"widget\" data-widget_type=\"spacer.default\">\n\t\t\t\t<div class=\"elementor-widget-container\">\n\t\t\t\t\t\t\t<div class=\"elementor-spacer\">\n\t\t\t<div class=\"elementor-spacer-inner\"><\/div>\n\t\t<\/div>\n\t\t\t\t\t\t<\/div>\n\t\t\t\t<\/div>\n\t\t\t\t\t<\/div>\n\t\t<\/div>\n\t\t\t\t\t<\/div>\n\t\t<\/section>\n\t\t\t\t<section data-particle_enable=\"false\" data-particle-mobile-disabled=\"false\" class=\"elementor-section elementor-top-section elementor-element elementor-element-f1a238b elementor-hidden-desktop elementor-hidden-tablet elementor-hidden-mobile elementor-section-boxed elementor-section-height-default elementor-section-height-default\" data-id=\"f1a238b\" data-element_type=\"section\">\n\t\t\t\t\t\t<div class=\"elementor-container elementor-column-gap-default\">\n\t\t\t\t\t<div class=\"elementor-column elementor-col-100 elementor-top-column elementor-element elementor-element-dcc2bb0\" data-id=\"dcc2bb0\" data-element_type=\"column\">\n\t\t\t<div class=\"elementor-widget-wrap elementor-element-populated\">\n\t\t\t\t\t\t<div class=\"elementor-element elementor-element-b461cf3 elementor-widget elementor-widget-heading\" data-id=\"b461cf3\" data-element_type=\"widget\" data-widget_type=\"heading.default\">\n\t\t\t\t<div class=\"elementor-widget-container\">\n\t\t\t\t\t<h2 class=\"elementor-heading-title elementor-size-default\">Ligne direct Gen\u00e8ve - Alpe d'Huez<\/h2>\t\t\t\t<\/div>\n\t\t\t\t<\/div>\n\t\t\t\t<div class=\"elementor-element elementor-element-a3ab8d9 elementor-widget elementor-widget-text-editor\" data-id=\"a3ab8d9\" data-element_type=\"widget\" data-widget_type=\"text-editor.default\">\n\t\t\t\t<div class=\"elementor-widget-container\">\n\t\t\t\t\t\t\t\t\t<p>Profitez de navettes directes au d\u00e9part de l&rsquo;a\u00e9roport de Gen\u00e8ve pour rejoindre facilement et rapidement l&rsquo;Alpe d&rsquo;Huez.<\/p>\t\t\t\t\t\t\t\t<\/div>\n\t\t\t\t<\/div>\n\t\t\t\t<div class=\"elementor-element elementor-element-ac2b757 elementor-widget elementor-widget-spacer\" data-id=\"ac2b757\" data-element_type=\"widget\" data-widget_type=\"spacer.default\">\n\t\t\t\t<div class=\"elementor-widget-container\">\n\t\t\t\t\t\t\t<div class=\"elementor-spacer\">\n\t\t\t<div class=\"elementor-spacer-inner\"><\/div>\n\t\t<\/div>\n\t\t\t\t\t\t<\/div>\n\t\t\t\t<\/div>\n\t\t\t\t<div class=\"elementor-element elementor-element-6d4062c elementor-list-item-link-full_width elementor-widget elementor-widget-icon-list\" data-id=\"6d4062c\" data-element_type=\"widget\" data-widget_type=\"icon-list.default\">\n\t\t\t\t<div class=\"elementor-widget-container\">\n\t\t\t\t\t\t\t<ul class=\"elementor-icon-list-items\">\n\t\t\t\t\t\t\t<li class=\"elementor-icon-list-item\">\n\t\t\t\t\t\t\t\t\t\t\t<span class=\"elementor-icon-list-icon\">\n\t\t\t\t\t\t\t<i aria-hidden=\"true\" class=\"fas fa-plane\"><\/i>\t\t\t\t\t\t<\/span>\n\t\t\t\t\t\t\t\t\t\t<span class=\"elementor-icon-list-text\">Liaison l'Alpe d'Huez depuis l'a\u00e9roport de Gen\u00e8ve<br><br><\/span>\n\t\t\t\t\t\t\t\t\t<\/li>\n\t\t\t\t\t\t\t\t<li class=\"elementor-icon-list-item\">\n\t\t\t\t\t\t\t\t\t\t\t<span class=\"elementor-icon-list-icon\">\n\t\t\t\t\t\t\t<i aria-hidden=\"true\" class=\"fas fa-train\"><\/i>\t\t\t\t\t\t<\/span>\n\t\t\t\t\t\t\t\t\t\t<span class=\"elementor-icon-list-text\"><b>A\u00e9roport de Gen\u00e8ve<\/b> <b>- Alpe d'Huez<\/b> : 4h de transport sans changement de navette <br><br><\/span>\n\t\t\t\t\t\t\t\t\t<\/li>\n\t\t\t\t\t\t\t\t<li class=\"elementor-icon-list-item\">\n\t\t\t\t\t\t\t\t\t\t\t<span class=\"elementor-icon-list-icon\">\n\t\t\t\t\t\t\t<i aria-hidden=\"true\" class=\"far fa-thumbs-up\"><\/i>\t\t\t\t\t\t<\/span>\n\t\t\t\t\t\t\t\t\t\t<span class=\"elementor-icon-list-text\">Depuis l'a\u00e9roport de Gen\u00e8ve :<b> 1 navette tous les samedis<\/b> \u00e0 partir du 04\/01\/25 au 05\/04\/25<\/span>\n\t\t\t\t\t\t\t\t\t<\/li>\n\t\t\t\t\t\t<\/ul>\n\t\t\t\t\t\t<\/div>\n\t\t\t\t<\/div>\n\t\t\t\t<div class=\"elementor-element elementor-element-1ee1ddb elementor-widget elementor-widget-text-editor\" data-id=\"1ee1ddb\" data-element_type=\"widget\" data-widget_type=\"text-editor.default\">\n\t\t\t\t<div class=\"elementor-widget-container\">\n\t\t\t\t\t\t\t\t\t<p>En cas de question lors de votre r\u00e9servation en ligne, vous pouvez contacter Altibus :<\/p>\t\t\t\t\t\t\t\t<\/div>\n\t\t\t\t<\/div>\n\t\t\t\t<div class=\"elementor-element elementor-element-f503a10 elementor-icon-list--layout-traditional elementor-list-item-link-full_width elementor-widget elementor-widget-icon-list\" data-id=\"f503a10\" data-element_type=\"widget\" data-widget_type=\"icon-list.default\">\n\t\t\t\t<div class=\"elementor-widget-container\">\n\t\t\t\t\t\t\t<ul class=\"elementor-icon-list-items\">\n\t\t\t\t\t\t\t<li class=\"elementor-icon-list-item\">\n\t\t\t\t\t\t\t\t\t\t\t<span class=\"elementor-icon-list-icon\">\n\t\t\t\t\t\t\t<i aria-hidden=\"true\" class=\"fas fa-phone-alt\"><\/i>\t\t\t\t\t\t<\/span>\n\t\t\t\t\t\t\t\t\t\t<span class=\"elementor-icon-list-text\"> 04 79 68 32 96<\/span>\n\t\t\t\t\t\t\t\t\t<\/li>\n\t\t\t\t\t\t\t\t<li class=\"elementor-icon-list-item\">\n\t\t\t\t\t\t\t\t\t\t\t<span class=\"elementor-icon-list-icon\">\n\t\t\t\t\t\t\t<i aria-hidden=\"true\" class=\"fas fa-envelope\"><\/i>\t\t\t\t\t\t<\/span>\n\t\t\t\t\t\t\t\t\t\t<span class=\"elementor-icon-list-text\">info@altibus.com<\/span>\n\t\t\t\t\t\t\t\t\t<\/li>\n\t\t\t\t\t\t<\/ul>\n\t\t\t\t\t\t<\/div>\n\t\t\t\t<\/div>\n\t\t\t\t<div class=\"elementor-element elementor-element-071e2fd elementor-widget elementor-widget-spacer\" data-id=\"071e2fd\" data-element_type=\"widget\" data-widget_type=\"spacer.default\">\n\t\t\t\t<div class=\"elementor-widget-container\">\n\t\t\t\t\t\t\t<div class=\"elementor-spacer\">\n\t\t\t<div class=\"elementor-spacer-inner\"><\/div>\n\t\t<\/div>\n\t\t\t\t\t\t<\/div>\n\t\t\t\t<\/div>\n\t\t\t\t\t<\/div>\n\t\t<\/div>\n\t\t\t\t\t<\/div>\n\t\t<\/section>\n\t\t\t\t<\/div>\n\t\t","protected":false},"excerpt":{"rendered":"<p>Ligne direct Gen\u00e8ve &#8211; Alpe d&rsquo;Huez Ce service est indisponible pour la saison hiver 2025\/2026 La ligne directe entre l\u2019a\u00e9roport de Gen\u00e8ve et l\u2019Alpe d\u2019Huez ne sera pas op\u00e9rationnelle cette saison.Nous vous invitons \u00e0 consulter les autres options de transport pour rejoindre la station. Merci de votre compr\u00e9hension. Ligne direct Gen\u00e8ve &#8211; Alpe d&rsquo;Huez Profitez [&hellip;]<\/p>\n","protected":false},"author":10,"featured_media":0,"parent":0,"menu_order":0,"comment_status":"closed","ping_status":"closed","template":"","meta":{"footnotes":"","_links_to":"","_links_to_target":""},"class_list":["post-4591","page","type-page","status-publish","hentry"],"yoast_head":"<!-- This site is optimized with the Yoast SEO plugin v25.2 - https:\/\/yoast.com\/wordpress\/plugins\/seo\/ -->\n<title>Navettes Gen\u00e8ve Alpe d&#039;Huez - Votre trajet depuis la Suisse<\/title>\n<meta name=\"description\" content=\"Retrouvez les informations sur les navettes qui font le trajet Gen\u00e8ve - Alpe d&#039;Huez. Horaires, prix et r\u00e9servation pour r\u00e9duire votre emprunte carbone !\" \/>\n<meta name=\"robots\" content=\"index, follow, max-snippet:-1, max-image-preview:large, max-video-preview:-1\" \/>\n<link rel=\"canonical\" href=\"https:\/\/skipass.alpedhuez.com\/hiver\/navettes-depuis-geneve\/\" \/>\n<meta property=\"og:locale\" content=\"fr_FR\" \/>\n<meta property=\"og:type\" content=\"article\" \/>\n<meta property=\"og:title\" content=\"Navettes Gen\u00e8ve Alpe d&#039;Huez - Votre trajet depuis la Suisse\" \/>\n<meta property=\"og:description\" content=\"Retrouvez les informations sur les navettes qui font le trajet Gen\u00e8ve - Alpe d&#039;Huez. Horaires, prix et r\u00e9servation pour r\u00e9duire votre emprunte carbone !\" \/>\n<meta property=\"og:url\" content=\"https:\/\/skipass.alpedhuez.com\/hiver\/navettes-depuis-geneve\/\" \/>\n<meta property=\"og:site_name\" content=\"Alpe d&#039;Huez - Site Officiel - Hiver\" \/>\n<meta property=\"article:publisher\" content=\"https:\/\/www.facebook.com\/alpe.huez\/\" \/>\n<meta property=\"article:modified_time\" content=\"2025-11-19T14:55:54+00:00\" \/>\n<meta property=\"og:image\" content=\"https:\/\/skipass.alpedhuez.com\/hiver\/wp-content\/uploads\/sites\/12\/2021\/04\/alpehuez.png\" \/>\n\t<meta property=\"og:image:width\" content=\"80\" \/>\n\t<meta property=\"og:image:height\" content=\"80\" \/>\n\t<meta property=\"og:image:type\" content=\"image\/png\" \/>\n<meta name=\"twitter:card\" content=\"summary_large_image\" \/>\n<meta name=\"twitter:site\" content=\"@alpedhuez\" \/>\n<meta name=\"twitter:label1\" content=\"Dur\u00e9e de lecture estim\u00e9e\" \/>\n\t<meta name=\"twitter:data1\" content=\"1 minute\" \/>\n<script type=\"application\/ld+json\" class=\"yoast-schema-graph\">{\"@context\":\"https:\/\/schema.org\",\"@graph\":[{\"@type\":\"WebPage\",\"@id\":\"https:\/\/skipass.alpedhuez.com\/hiver\/navettes-depuis-geneve\/\",\"url\":\"https:\/\/skipass.alpedhuez.com\/hiver\/navettes-depuis-geneve\/\",\"name\":\"Navettes Gen\u00e8ve Alpe d'Huez - Votre trajet depuis la Suisse\",\"isPartOf\":{\"@id\":\"https:\/\/skipass.alpedhuez.com\/hiver\/#website\"},\"datePublished\":\"2020-01-20T10:21:40+00:00\",\"dateModified\":\"2025-11-19T14:55:54+00:00\",\"description\":\"Retrouvez les informations sur les navettes qui font le trajet Gen\u00e8ve - Alpe d'Huez. Horaires, prix et r\u00e9servation pour r\u00e9duire votre emprunte carbone !\",\"breadcrumb\":{\"@id\":\"https:\/\/skipass.alpedhuez.com\/hiver\/navettes-depuis-geneve\/#breadcrumb\"},\"inLanguage\":\"fr-FR\",\"potentialAction\":[{\"@type\":\"ReadAction\",\"target\":[\"https:\/\/skipass.alpedhuez.com\/hiver\/navettes-depuis-geneve\/\"]}]},{\"@type\":\"BreadcrumbList\",\"@id\":\"https:\/\/skipass.alpedhuez.com\/hiver\/navettes-depuis-geneve\/#breadcrumb\",\"itemListElement\":[{\"@type\":\"ListItem\",\"position\":1,\"name\":\"Alpe d'Huez Domaine Skiable\",\"item\":\"https:\/\/skipass.alpedhuez.com\/hiver\/\"},{\"@type\":\"ListItem\",\"position\":2,\"name\":\"Navettes Gen\u00e8ve &#8211; Alpe d&#8217;Huez\"}]},{\"@type\":\"WebSite\",\"@id\":\"https:\/\/skipass.alpedhuez.com\/hiver\/#website\",\"url\":\"https:\/\/skipass.alpedhuez.com\/hiver\/\",\"name\":\"Alpe d'Huez - Site Officiel - Hiver\",\"description\":\"Alpe d&#039;Huez - Site Officiel\",\"publisher\":{\"@id\":\"https:\/\/skipass.alpedhuez.com\/hiver\/#organization\"},\"potentialAction\":[{\"@type\":\"SearchAction\",\"target\":{\"@type\":\"EntryPoint\",\"urlTemplate\":\"https:\/\/skipass.alpedhuez.com\/hiver\/?s={search_term_string}\"},\"query-input\":{\"@type\":\"PropertyValueSpecification\",\"valueRequired\":true,\"valueName\":\"search_term_string\"}}],\"inLanguage\":\"fr-FR\"},{\"@type\":\"Organization\",\"@id\":\"https:\/\/skipass.alpedhuez.com\/hiver\/#organization\",\"name\":\"Alpe d'Huez - Site Officiel - Hiver\",\"url\":\"https:\/\/skipass.alpedhuez.com\/hiver\/\",\"logo\":{\"@type\":\"ImageObject\",\"inLanguage\":\"fr-FR\",\"@id\":\"https:\/\/skipass.alpedhuez.com\/hiver\/#\/schema\/logo\/image\/\",\"url\":\"https:\/\/skipass.alpedhuez.com\/hiver\/wp-content\/uploads\/sites\/12\/2021\/02\/logoalpedhuezdomaineskiable.svg\",\"contentUrl\":\"https:\/\/skipass.alpedhuez.com\/hiver\/wp-content\/uploads\/sites\/12\/2021\/02\/logoalpedhuezdomaineskiable.svg\",\"width\":1,\"height\":1,\"caption\":\"Alpe d'Huez - Site Officiel - Hiver\"},\"image\":{\"@id\":\"https:\/\/skipass.alpedhuez.com\/hiver\/#\/schema\/logo\/image\/\"},\"sameAs\":[\"https:\/\/www.facebook.com\/alpe.huez\/\",\"https:\/\/x.com\/alpedhuez\",\"https:\/\/www.instagram.com\/alpedhuez\/\",\"https:\/\/www.youtube.com\/@ALPEDHUEZOfficiel\/\"]}]}<\/script>\n<!-- \/ Yoast SEO plugin. -->","yoast_head_json":{"title":"Navettes Gen\u00e8ve Alpe d'Huez - Votre trajet depuis la Suisse","description":"Retrouvez les informations sur les navettes qui font le trajet Gen\u00e8ve - Alpe d'Huez. Horaires, prix et r\u00e9servation pour r\u00e9duire votre emprunte carbone !","robots":{"index":"index","follow":"follow","max-snippet":"max-snippet:-1","max-image-preview":"max-image-preview:large","max-video-preview":"max-video-preview:-1"},"canonical":"https:\/\/skipass.alpedhuez.com\/hiver\/navettes-depuis-geneve\/","og_locale":"fr_FR","og_type":"article","og_title":"Navettes Gen\u00e8ve Alpe d'Huez - Votre trajet depuis la Suisse","og_description":"Retrouvez les informations sur les navettes qui font le trajet Gen\u00e8ve - Alpe d'Huez. Horaires, prix et r\u00e9servation pour r\u00e9duire votre emprunte carbone !","og_url":"https:\/\/skipass.alpedhuez.com\/hiver\/navettes-depuis-geneve\/","og_site_name":"Alpe d&#039;Huez - Site Officiel - Hiver","article_publisher":"https:\/\/www.facebook.com\/alpe.huez\/","article_modified_time":"2025-11-19T14:55:54+00:00","og_image":[{"width":80,"height":80,"url":"https:\/\/skipass.alpedhuez.com\/hiver\/wp-content\/uploads\/sites\/12\/2021\/04\/alpehuez.png","type":"image\/png"}],"twitter_card":"summary_large_image","twitter_site":"@alpedhuez","twitter_misc":{"Dur\u00e9e de lecture estim\u00e9e":"1 minute"},"schema":{"@context":"https:\/\/schema.org","@graph":[{"@type":"WebPage","@id":"https:\/\/skipass.alpedhuez.com\/hiver\/navettes-depuis-geneve\/","url":"https:\/\/skipass.alpedhuez.com\/hiver\/navettes-depuis-geneve\/","name":"Navettes Gen\u00e8ve Alpe d'Huez - Votre trajet depuis la Suisse","isPartOf":{"@id":"https:\/\/skipass.alpedhuez.com\/hiver\/#website"},"datePublished":"2020-01-20T10:21:40+00:00","dateModified":"2025-11-19T14:55:54+00:00","description":"Retrouvez les informations sur les navettes qui font le trajet Gen\u00e8ve - Alpe d'Huez. Horaires, prix et r\u00e9servation pour r\u00e9duire votre emprunte carbone !","breadcrumb":{"@id":"https:\/\/skipass.alpedhuez.com\/hiver\/navettes-depuis-geneve\/#breadcrumb"},"inLanguage":"fr-FR","potentialAction":[{"@type":"ReadAction","target":["https:\/\/skipass.alpedhuez.com\/hiver\/navettes-depuis-geneve\/"]}]},{"@type":"BreadcrumbList","@id":"https:\/\/skipass.alpedhuez.com\/hiver\/navettes-depuis-geneve\/#breadcrumb","itemListElement":[{"@type":"ListItem","position":1,"name":"Alpe d'Huez Domaine Skiable","item":"https:\/\/skipass.alpedhuez.com\/hiver\/"},{"@type":"ListItem","position":2,"name":"Navettes Gen\u00e8ve &#8211; Alpe d&#8217;Huez"}]},{"@type":"WebSite","@id":"https:\/\/skipass.alpedhuez.com\/hiver\/#website","url":"https:\/\/skipass.alpedhuez.com\/hiver\/","name":"Alpe d'Huez - Site Officiel - Hiver","description":"Alpe d&#039;Huez - Site Officiel","publisher":{"@id":"https:\/\/skipass.alpedhuez.com\/hiver\/#organization"},"potentialAction":[{"@type":"SearchAction","target":{"@type":"EntryPoint","urlTemplate":"https:\/\/skipass.alpedhuez.com\/hiver\/?s={search_term_string}"},"query-input":{"@type":"PropertyValueSpecification","valueRequired":true,"valueName":"search_term_string"}}],"inLanguage":"fr-FR"},{"@type":"Organization","@id":"https:\/\/skipass.alpedhuez.com\/hiver\/#organization","name":"Alpe d'Huez - Site Officiel - Hiver","url":"https:\/\/skipass.alpedhuez.com\/hiver\/","logo":{"@type":"ImageObject","inLanguage":"fr-FR","@id":"https:\/\/skipass.alpedhuez.com\/hiver\/#\/schema\/logo\/image\/","url":"https:\/\/skipass.alpedhuez.com\/hiver\/wp-content\/uploads\/sites\/12\/2021\/02\/logoalpedhuezdomaineskiable.svg","contentUrl":"https:\/\/skipass.alpedhuez.com\/hiver\/wp-content\/uploads\/sites\/12\/2021\/02\/logoalpedhuezdomaineskiable.svg","width":1,"height":1,"caption":"Alpe d'Huez - Site Officiel - Hiver"},"image":{"@id":"https:\/\/skipass.alpedhuez.com\/hiver\/#\/schema\/logo\/image\/"},"sameAs":["https:\/\/www.facebook.com\/alpe.huez\/","https:\/\/x.com\/alpedhuez","https:\/\/www.instagram.com\/alpedhuez\/","https:\/\/www.youtube.com\/@ALPEDHUEZOfficiel\/"]}]}},"publishpress_future_action":{"enabled":false,"date":"2026-04-11 16:10:03","action":"category-add","newStatus":"draft","terms":[],"taxonomy":"language"},"publishpress_future_workflow_manual_trigger":{"enabledWorkflows":[]},"_links":{"self":[{"href":"https:\/\/skipass.alpedhuez.com\/hiver\/wp-json\/wp\/v2\/pages\/4591","targetHints":{"allow":["GET"]}}],"collection":[{"href":"https:\/\/skipass.alpedhuez.com\/hiver\/wp-json\/wp\/v2\/pages"}],"about":[{"href":"https:\/\/skipass.alpedhuez.com\/hiver\/wp-json\/wp\/v2\/types\/page"}],"author":[{"embeddable":true,"href":"https:\/\/skipass.alpedhuez.com\/hiver\/wp-json\/wp\/v2\/users\/10"}],"replies":[{"embeddable":true,"href":"https:\/\/skipass.alpedhuez.com\/hiver\/wp-json\/wp\/v2\/comments?post=4591"}],"version-history":[{"count":44,"href":"https:\/\/skipass.alpedhuez.com\/hiver\/wp-json\/wp\/v2\/pages\/4591\/revisions"}],"predecessor-version":[{"id":46994,"href":"https:\/\/skipass.alpedhuez.com\/hiver\/wp-json\/wp\/v2\/pages\/4591\/revisions\/46994"}],"wp:attachment":[{"href":"https:\/\/skipass.alpedhuez.com\/hiver\/wp-json\/wp\/v2\/media?parent=4591"}],"curies":[{"name":"wp","href":"https:\/\/api.w.org\/{rel}","templated":true}]}}